{"id":161,"date":"2020-09-10T12:10:07","date_gmt":"2020-09-10T10:10:07","guid":{"rendered":"http:\/\/giardinu-di-gnaccare.com\/?page_id=161"},"modified":"2023-04-01T16:50:51","modified_gmt":"2023-04-01T14:50:51","slug":"chambre-3","status":"publish","type":"page","link":"https:\/\/giardinu-di-gnaccare.com\/en\/chambre-3\/","title":{"rendered":"Chambre 3"},"content":{"rendered":"<div data-colibri-id=\"161-c1\" class=\"style-373 style-local-161-c1 position-relative\">\n  <!---->\n  <div data-colibri-component=\"section\" data-colibri-id=\"161-c2\" id=\"about\" class=\"h-section h-section-global-spacing d-flex align-items-lg-center align-items-md-center align-items-center style-374 style-local-161-c2 position-relative\">\n    <!---->\n    <!---->\n    <div class=\"h-section-grid-container h-section-boxed-container\">\n      <!---->\n      <div data-colibri-id=\"161-c3\" class=\"h-row-container gutters-row-lg-2 gutters-row-md-2 gutters-row-2 gutters-row-v-lg-2 gutters-row-v-md-2 gutters-row-v-2 style-375 style-local-161-c3 position-relative\">\n        <!---->\n        <div class=\"h-row justify-content-lg-center justify-content-md-center justify-content-center align-items-lg-stretch align-items-md-stretch align-items-stretch gutters-col-lg-2 gutters-col-md-2 gutters-col-2 gutters-col-v-lg-2 gutters-col-v-md-2 gutters-col-v-2\">\n          <!---->\n          <div class=\"h-column h-column-container d-flex h-col-lg-auto h-col-md-auto h-col-auto style-376-outer style-local-161-c4-outer\">\n            <div data-colibri-id=\"161-c4\" class=\"d-flex h-flex-basis h-column__inner h-px-lg-2 h-px-md-2 h-px-2 v-inner-lg-2 v-inner-md-2 v-inner-2 style-376 style-local-161-c4 position-relative\">\n              <!---->\n              <!---->\n              <div class=\"w-100 h-y-container h-column__content h-column__v-align flex-basis-100 align-self-lg-center align-self-md-center align-self-center\">\n                <!---->\n                <div data-colibri-id=\"161-c5\" class=\"h-global-transition-all h-heading style-377 style-local-161-c5 position-relative h-element\">\n                  <!---->\n                  <div class=\"h-heading__outer style-377 style-local-161-c5\">\n                    <!---->\n                    <!---->\n                    <h5 class=\"\">Suite Soli<\/h5>\n                  <\/div>\n                <\/div>\n                <div data-colibri-id=\"161-c6\" class=\"h-text h-text-component style-379 style-local-161-c6 position-relative h-element\">\n                  <!---->\n                  <!---->\n                  <div class=\"\">\n                    <p>La suite Soli est une suite de 25&nbsp;<span style=\"font-weight: 400; font-size: 16px; font-family: &quot;Open Sans&quot;; color: rgb(70, 112, 127);\">m\u00b2,<\/span> orient\u00e9e sud-est, c&rsquo;est la plus grande de la maison.<\/p>\n                    <p>Sa porte-fen\u00eatre s&rsquo;ouvre sur la terrasse mer et ses transats pour une pause lecture \u00e0 l&rsquo;ombre d&rsquo;un lentisque.<\/p>\n                    <p>Elle est \u00e9quip\u00e9e d&rsquo;un lit king size (180&#215;200), d&rsquo;un grand placard, d&rsquo;une biblioth\u00e8que et de la climatisation individuelle.<\/p>\n                    <p>Elle dispose d\u2019une salle de douche privative toute en travertin, \u00e9quip\u00e9e d&rsquo;une grande douche \u00e0 l&rsquo;italienne de 140&#215;140, d&rsquo;un meuble vasque en ch\u00e2taignier corse et travertin, et d&rsquo;un radiateur s\u00e8che-serviette.<\/p>\n                    <p>Les WC sont privatifs et&nbsp;s\u00e9par\u00e9s.<\/p>\n                  <\/div>\n                <\/div>\n              <\/div>\n            <\/div>\n          <\/div>\n          <div class=\"h-column h-column-container d-flex h-col-lg-auto h-col-md-auto h-col-auto style-382-outer style-local-161-c7-outer\">\n            <div data-colibri-id=\"161-c7\" class=\"d-flex h-flex-basis h-column__inner h-px-lg-2 h-px-md-2 h-px-2 v-inner-lg-2 v-inner-md-2 v-inner-2 style-382 style-local-161-c7 position-relative\">\n              <!---->\n              <!---->\n              <div class=\"w-100 h-y-container h-column__content h-column__v-align flex-basis-100 align-self-lg-center align-self-md-center align-self-center\">\n                <!---->\n                <div data-colibri-id=\"161-c8\" class=\"d-block style-618 style-local-161-c8 position-relative h-element\">\n                  <!---->\n                  <div class=\"h-image__frame-container-outer\">\n                    <div class=\"h-image__frame-container\">\n                      <!---->\n                      <!---->\n                      <img loading=\"lazy\" decoding=\"async\" width=\"1152\" height=\"1153\" src=\"http:\/\/giardinu-di-gnaccare.com\/wp-content\/uploads\/2020\/09\/cropped-20200826_093705-scaled-1.jpg\" class=\"wp-image-613 style-618-image style-local-161-c8-image\" alt=\"\" srcset=\"https:\/\/giardinu-di-gnaccare.com\/wp-content\/uploads\/2020\/09\/cropped-20200826_093705-scaled-1.jpg 1152w, https:\/\/giardinu-di-gnaccare.com\/wp-content\/uploads\/2020\/09\/cropped-20200826_093705-scaled-1-300x300.jpg 300w, https:\/\/giardinu-di-gnaccare.com\/wp-content\/uploads\/2020\/09\/cropped-20200826_093705-scaled-1-1024x1024.jpg 1024w, https:\/\/giardinu-di-gnaccare.com\/wp-content\/uploads\/2020\/09\/cropped-20200826_093705-scaled-1-150x150.jpg 150w, https:\/\/giardinu-di-gnaccare.com\/wp-content\/uploads\/2020\/09\/cropped-20200826_093705-scaled-1-768x769.jpg 768w\" sizes=\"auto, (max-width: 1152px) 100vw, 1152px\" \/>\n                      <div class=\"h-image__frame h-hide-lg h-hide-md h-hide-sm style-618-frameImage style-local-161-c8-frameImage\"><\/div>\n                    <\/div>\n                  <\/div>\n                <\/div>\n              <\/div>\n            <\/div>\n          <\/div>\n        <\/div>\n      <\/div>\n      <div data-colibri-id=\"161-c9\" class=\"h-row-container gutters-row-lg-2 gutters-row-md-2 gutters-row-0 gutters-row-v-lg-2 gutters-row-v-md-2 gutters-row-v-2 style-621 style-local-161-c9 position-relative\">\n        <!---->\n        <div class=\"h-row justify-content-lg-center justify-content-md-center justify-content-center align-items-lg-stretch align-items-md-stretch align-items-stretch gutters-col-lg-2 gutters-col-md-2 gutters-col-0 gutters-col-v-lg-2 gutters-col-v-md-2 gutters-col-v-2\">\n          <!---->\n          <div class=\"h-column h-column-container d-flex h-col-lg-auto h-col-md-auto h-col-auto style-622-outer style-local-161-c10-outer\">\n            <div data-colibri-id=\"161-c10\" class=\"d-flex h-flex-basis h-column__inner h-px-lg-2 h-px-md-2 h-px-2 v-inner-lg-2 v-inner-md-2 v-inner-2 style-622 style-local-161-c10 position-relative\">\n              <!---->\n              <!---->\n              <div class=\"w-100 h-y-container h-column__content h-column__v-align flex-basis-100 align-self-lg-start align-self-md-start align-self-start\">\n                <!---->\n                <div data-colibri-id=\"161-c11\" class=\"d-block style-623 style-local-161-c11 position-relative h-element\">\n                  <!---->\n                  <div class=\"h-image__frame-container-outer\">\n                    <div class=\"h-image__frame-container\">\n                      <!---->\n                      <!---->\n                      <img loading=\"lazy\" decoding=\"async\" width=\"2560\" height=\"1153\" src=\"http:\/\/giardinu-di-gnaccare.com\/wp-content\/uploads\/2020\/09\/20200826_093655-scaled.jpg\" class=\"wp-image-541 style-623-image style-local-161-c11-image\" alt=\"\" srcset=\"https:\/\/giardinu-di-gnaccare.com\/wp-content\/uploads\/2020\/09\/20200826_093655-scaled.jpg 2560w, https:\/\/giardinu-di-gnaccare.com\/wp-content\/uploads\/2020\/09\/20200826_093655-300x135.jpg 300w, https:\/\/giardinu-di-gnaccare.com\/wp-content\/uploads\/2020\/09\/20200826_093655-1024x461.jpg 1024w, https:\/\/giardinu-di-gnaccare.com\/wp-content\/uploads\/2020\/09\/20200826_093655-768x346.jpg 768w, https:\/\/giardinu-di-gnaccare.com\/wp-content\/uploads\/2020\/09\/20200826_093655-1536x692.jpg 1536w, https:\/\/giardinu-di-gnaccare.com\/wp-content\/uploads\/2020\/09\/20200826_093655-2048x922.jpg 2048w\" sizes=\"auto, (max-width: 2560px) 100vw, 2560px\" \/>\n                      <div class=\"h-image__frame h-hide-lg h-hide-md h-hide-sm style-623-frameImage style-local-161-c11-frameImage\"><\/div>\n                    <\/div>\n                  <\/div>\n                <\/div>\n              <\/div>\n            <\/div>\n          <\/div>\n        <\/div>\n      <\/div>\n      <div data-colibri-id=\"161-c12\" class=\"h-row-container gutters-row-lg-2 gutters-row-md-2 gutters-row-0 gutters-row-v-lg-2 gutters-row-v-md-2 gutters-row-v-2 style-624 style-local-161-c12 position-relative\">\n        <!---->\n        <div class=\"h-row justify-content-lg-center justify-content-md-center justify-content-center align-items-lg-stretch align-items-md-stretch align-items-stretch gutters-col-lg-2 gutters-col-md-2 gutters-col-0 gutters-col-v-lg-2 gutters-col-v-md-2 gutters-col-v-2\">\n          <!---->\n          <div class=\"h-column h-column-container d-flex h-col-lg-auto h-col-md-auto h-col-auto style-625-outer style-local-161-c13-outer\">\n            <div data-colibri-id=\"161-c13\" class=\"d-flex h-flex-basis h-column__inner h-px-lg-2 h-px-md-2 h-px-2 v-inner-lg-2 v-inner-md-2 v-inner-2 style-625 style-local-161-c13 position-relative\">\n              <!---->\n              <!---->\n              <div class=\"w-100 h-y-container h-column__content h-column__v-align flex-basis-100 align-self-lg-start align-self-md-start align-self-start\">\n                <!---->\n                <div data-colibri-id=\"161-c14\" class=\"d-block style-626 style-local-161-c14 position-relative h-element\">\n                  <!---->\n                  <div class=\"h-image__frame-container-outer\">\n                    <div class=\"h-image__frame-container\">\n                      <!---->\n                      <!---->\n                      <img loading=\"lazy\" decoding=\"async\" width=\"2560\" height=\"1153\" src=\"http:\/\/giardinu-di-gnaccare.com\/wp-content\/uploads\/2020\/09\/20200826_093648-scaled.jpg\" class=\"wp-image-543 style-626-image style-local-161-c14-image\" alt=\"\" srcset=\"https:\/\/giardinu-di-gnaccare.com\/wp-content\/uploads\/2020\/09\/20200826_093648-scaled.jpg 2560w, https:\/\/giardinu-di-gnaccare.com\/wp-content\/uploads\/2020\/09\/20200826_093648-300x135.jpg 300w, https:\/\/giardinu-di-gnaccare.com\/wp-content\/uploads\/2020\/09\/20200826_093648-1024x461.jpg 1024w, https:\/\/giardinu-di-gnaccare.com\/wp-content\/uploads\/2020\/09\/20200826_093648-768x346.jpg 768w, https:\/\/giardinu-di-gnaccare.com\/wp-content\/uploads\/2020\/09\/20200826_093648-1536x692.jpg 1536w, https:\/\/giardinu-di-gnaccare.com\/wp-content\/uploads\/2020\/09\/20200826_093648-2048x922.jpg 2048w\" sizes=\"auto, (max-width: 2560px) 100vw, 2560px\" \/>\n                      <div class=\"h-image__frame h-hide-lg h-hide-md h-hide-sm style-626-frameImage style-local-161-c14-frameImage\"><\/div>\n                    <\/div>\n                  <\/div>\n                <\/div>\n              <\/div>\n            <\/div>\n          <\/div>\n        <\/div>\n      <\/div>\n    <\/div>\n  <\/div>\n  <div data-colibri-component=\"section\" data-colibri-id=\"161-c15\" id=\"custom\" class=\"h-section h-section-global-spacing d-flex align-items-lg-center align-items-md-center align-items-center style-402 style-local-161-c15 position-relative\">\n    <!---->\n    <!---->\n    <div class=\"h-section-grid-container h-section-boxed-container\">\n      <!---->\n      <div data-colibri-id=\"161-c16\" class=\"h-row-container gutters-row-lg-2 gutters-row-md-2 gutters-row-0 gutters-row-v-lg-2 gutters-row-v-md-2 gutters-row-v-2 style-403 style-local-161-c16 position-relative\">\n        <!---->\n        <div class=\"h-row justify-content-lg-center justify-content-md-center justify-content-center align-items-lg-stretch align-items-md-stretch align-items-stretch gutters-col-lg-2 gutters-col-md-2 gutters-col-0 gutters-col-v-lg-2 gutters-col-v-md-2 gutters-col-v-2\">\n          <!---->\n          <div class=\"h-column h-column-container d-flex h-col-lg-6 h-col-md-6 h-col-12 style-404-outer style-local-161-c17-outer\">\n            <div data-colibri-id=\"161-c17\" class=\"d-flex h-flex-basis h-column__inner h-px-lg-2 h-px-md-2 h-px-2 v-inner-lg-2 v-inner-md-2 v-inner-2 style-404 style-local-161-c17 position-relative\">\n              <!---->\n              <!---->\n              <div class=\"w-100 h-y-container h-column__content h-column__v-align flex-basis-100 align-self-lg-start align-self-md-start align-self-start\">\n                <!---->\n                <div data-colibri-id=\"161-c18\" class=\"d-block style-410 style-local-161-c18 position-relative h-element\">\n                  <!---->\n                  <div class=\"h-image__frame-container-outer\">\n                    <div class=\"h-image__frame-container\">\n                      <!---->\n                      <!---->\n                      <img loading=\"lazy\" decoding=\"async\" width=\"1153\" height=\"2560\" src=\"http:\/\/giardinu-di-gnaccare.com\/wp-content\/uploads\/2020\/09\/20200826_093733-scaled.jpg\" class=\"wp-image-547 style-410-image style-local-161-c18-image\" alt=\"\" srcset=\"https:\/\/giardinu-di-gnaccare.com\/wp-content\/uploads\/2020\/09\/20200826_093733-scaled.jpg 1153w, https:\/\/giardinu-di-gnaccare.com\/wp-content\/uploads\/2020\/09\/20200826_093733-135x300.jpg 135w, https:\/\/giardinu-di-gnaccare.com\/wp-content\/uploads\/2020\/09\/20200826_093733-461x1024.jpg 461w, https:\/\/giardinu-di-gnaccare.com\/wp-content\/uploads\/2020\/09\/20200826_093733-768x1705.jpg 768w, https:\/\/giardinu-di-gnaccare.com\/wp-content\/uploads\/2020\/09\/20200826_093733-692x1536.jpg 692w, https:\/\/giardinu-di-gnaccare.com\/wp-content\/uploads\/2020\/09\/20200826_093733-922x2048.jpg 922w\" sizes=\"auto, (max-width: 1153px) 100vw, 1153px\" \/>\n                      <div class=\"h-image__frame h-hide-lg h-hide-md h-hide-sm style-410-frameImage style-local-161-c18-frameImage\"><\/div>\n                    <\/div>\n                  <\/div>\n                <\/div>\n              <\/div>\n            <\/div>\n          <\/div>\n          <div class=\"h-column h-column-container d-flex h-col-lg-6 h-col-md-6 h-col-12 style-405-outer style-local-161-c19-outer\">\n            <div data-colibri-id=\"161-c19\" class=\"d-flex h-flex-basis h-column__inner h-px-lg-2 h-px-md-2 h-px-2 v-inner-lg-2 v-inner-md-2 v-inner-2 style-405 style-local-161-c19 position-relative\">\n              <!---->\n              <!---->\n              <div class=\"w-100 h-y-container h-column__content h-column__v-align flex-basis-100 align-self-lg-start align-self-md-start align-self-start\">\n                <!---->\n                <div data-colibri-id=\"161-c20\" class=\"d-block style-411 style-local-161-c20 position-relative h-element\">\n                  <!---->\n                  <div class=\"h-image__frame-container-outer\">\n                    <div class=\"h-image__frame-container\">\n                      <!---->\n                      <!---->\n                      <img loading=\"lazy\" decoding=\"async\" width=\"1153\" height=\"2560\" src=\"http:\/\/giardinu-di-gnaccare.com\/wp-content\/uploads\/2020\/09\/20200826_093917-scaled.jpg\" class=\"wp-image-544 style-411-image style-local-161-c20-image\" alt=\"\" srcset=\"https:\/\/giardinu-di-gnaccare.com\/wp-content\/uploads\/2020\/09\/20200826_093917-scaled.jpg 1153w, https:\/\/giardinu-di-gnaccare.com\/wp-content\/uploads\/2020\/09\/20200826_093917-135x300.jpg 135w, https:\/\/giardinu-di-gnaccare.com\/wp-content\/uploads\/2020\/09\/20200826_093917-461x1024.jpg 461w, https:\/\/giardinu-di-gnaccare.com\/wp-content\/uploads\/2020\/09\/20200826_093917-768x1705.jpg 768w, https:\/\/giardinu-di-gnaccare.com\/wp-content\/uploads\/2020\/09\/20200826_093917-692x1536.jpg 692w, https:\/\/giardinu-di-gnaccare.com\/wp-content\/uploads\/2020\/09\/20200826_093917-922x2048.jpg 922w\" sizes=\"auto, (max-width: 1153px) 100vw, 1153px\" \/>\n                      <div class=\"h-image__frame h-hide-lg h-hide-md h-hide-sm style-411-frameImage style-local-161-c20-frameImage\"><\/div>\n                    <\/div>\n                  <\/div>\n                <\/div>\n              <\/div>\n            <\/div>\n          <\/div>\n          <div class=\"h-column h-column-container d-flex h-col-lg-6 h-col-md-6 h-col-12 style-619-outer style-local-161-c21-outer\">\n            <div data-colibri-id=\"161-c21\" class=\"d-flex h-flex-basis h-column__inner h-px-lg-2 h-px-md-2 h-px-2 v-inner-lg-2 v-inner-md-2 v-inner-2 style-619 style-local-161-c21 position-relative\">\n              <!---->\n              <!---->\n              <div class=\"w-100 h-y-container h-column__content h-column__v-align flex-basis-100 align-self-lg-start align-self-md-start align-self-start\">\n                <!---->\n                <div data-colibri-id=\"161-c22\" class=\"d-block style-627 style-local-161-c22 position-relative h-element\">\n                  <!---->\n                  <div class=\"h-image__frame-container-outer\">\n                    <div class=\"h-image__frame-container\">\n                      <!---->\n                      <!---->\n                      <img loading=\"lazy\" decoding=\"async\" width=\"1153\" height=\"2560\" src=\"http:\/\/giardinu-di-gnaccare.com\/wp-content\/uploads\/2020\/09\/20200826_093745-scaled.jpg\" class=\"wp-image-542 style-627-image style-local-161-c22-image\" alt=\"\" srcset=\"https:\/\/giardinu-di-gnaccare.com\/wp-content\/uploads\/2020\/09\/20200826_093745-scaled.jpg 1153w, https:\/\/giardinu-di-gnaccare.com\/wp-content\/uploads\/2020\/09\/20200826_093745-135x300.jpg 135w, https:\/\/giardinu-di-gnaccare.com\/wp-content\/uploads\/2020\/09\/20200826_093745-461x1024.jpg 461w, https:\/\/giardinu-di-gnaccare.com\/wp-content\/uploads\/2020\/09\/20200826_093745-768x1705.jpg 768w, https:\/\/giardinu-di-gnaccare.com\/wp-content\/uploads\/2020\/09\/20200826_093745-692x1536.jpg 692w, https:\/\/giardinu-di-gnaccare.com\/wp-content\/uploads\/2020\/09\/20200826_093745-922x2048.jpg 922w\" sizes=\"auto, (max-width: 1153px) 100vw, 1153px\" \/>\n                      <div class=\"h-image__frame h-hide-lg h-hide-md h-hide-sm style-627-frameImage style-local-161-c22-frameImage\"><\/div>\n                    <\/div>\n                  <\/div>\n                <\/div>\n              <\/div>\n            <\/div>\n          <\/div>\n          <div class=\"h-column h-column-container d-flex h-col-lg-6 h-col-md-6 h-col-12 style-620-outer style-local-161-c23-outer\">\n            <div data-colibri-id=\"161-c23\" class=\"d-flex h-flex-basis h-column__inner h-px-lg-2 h-px-md-2 h-px-2 v-inner-lg-2 v-inner-md-2 v-inner-2 style-620 style-local-161-c23 position-relative\">\n              <!---->\n              <!---->\n              <div class=\"w-100 h-y-container h-column__content h-column__v-align flex-basis-100 align-self-lg-start align-self-md-start align-self-start\">\n                <!---->\n                <div data-colibri-id=\"161-c24\" class=\"d-block style-628 style-local-161-c24 position-relative h-element\">\n                  <!---->\n                  <div class=\"h-image__frame-container-outer\">\n                    <div class=\"h-image__frame-container\">\n                      <!---->\n                      <!---->\n                      <img loading=\"lazy\" decoding=\"async\" width=\"1153\" height=\"2560\" src=\"http:\/\/giardinu-di-gnaccare.com\/wp-content\/uploads\/2020\/09\/20200826_093638-scaled.jpg\" class=\"wp-image-545 style-628-image style-local-161-c24-image\" alt=\"\" srcset=\"https:\/\/giardinu-di-gnaccare.com\/wp-content\/uploads\/2020\/09\/20200826_093638-scaled.jpg 1153w, https:\/\/giardinu-di-gnaccare.com\/wp-content\/uploads\/2020\/09\/20200826_093638-135x300.jpg 135w, https:\/\/giardinu-di-gnaccare.com\/wp-content\/uploads\/2020\/09\/20200826_093638-461x1024.jpg 461w, https:\/\/giardinu-di-gnaccare.com\/wp-content\/uploads\/2020\/09\/20200826_093638-768x1705.jpg 768w, https:\/\/giardinu-di-gnaccare.com\/wp-content\/uploads\/2020\/09\/20200826_093638-692x1536.jpg 692w, https:\/\/giardinu-di-gnaccare.com\/wp-content\/uploads\/2020\/09\/20200826_093638-922x2048.jpg 922w\" sizes=\"auto, (max-width: 1153px) 100vw, 1153px\" \/>\n                      <div class=\"h-image__frame h-hide-lg h-hide-md h-hide-sm style-628-frameImage style-local-161-c24-frameImage\"><\/div>\n                    <\/div>\n                  <\/div>\n                <\/div>\n              <\/div>\n            <\/div>\n          <\/div>\n        <\/div>\n      <\/div>\n    <\/div>\n  <\/div>\n  <div data-colibri-component=\"section\" data-colibri-id=\"161-c25\" id=\"custom-2\" class=\"h-section h-section-global-spacing d-flex align-items-lg-center align-items-md-center align-items-center style-407 style-local-161-c25 position-relative\">\n    <!---->\n    <!---->\n    <div class=\"h-section-grid-container h-section-boxed-container\">\n      <!---->\n      <div data-colibri-id=\"161-c26\" class=\"h-row-container gutters-row-lg-2 gutters-row-md-2 gutters-row-0 gutters-row-v-lg-2 gutters-row-v-md-2 gutters-row-v-2 style-408 style-local-161-c26 position-relative\">\n        <!---->\n        <div class=\"h-row justify-content-lg-center justify-content-md-center justify-content-center align-items-lg-stretch align-items-md-stretch align-items-stretch gutters-col-lg-2 gutters-col-md-2 gutters-col-0 gutters-col-v-lg-2 gutters-col-v-md-2 gutters-col-v-2\">\n          <!---->\n          <div class=\"h-column h-column-container d-flex h-col-lg-auto h-col-md-auto h-col-auto style-409-outer style-local-161-c27-outer\">\n            <div data-colibri-id=\"161-c27\" class=\"d-flex h-flex-basis h-column__inner h-px-lg-2 h-px-md-2 h-px-2 v-inner-lg-2 v-inner-md-2 v-inner-2 style-409 style-local-161-c27 position-relative\">\n              <!---->\n              <!---->\n              <div class=\"w-100 h-y-container h-column__content h-column__v-align flex-basis-auto align-self-lg-start align-self-md-start align-self-start\">\n                <!---->\n                <div data-colibri-id=\"161-c28\" class=\"h-x-container style-465 style-local-161-c28 position-relative h-element\">\n                  <!---->\n                  <div class=\"h-x-container-inner style-dynamic-161-c28-group style-465-spacing style-local-161-c28-spacing\"><span class=\"h-button__outer style-466-outer style-local-161-c29-outer d-inline-flex h-element\"><a h-use-smooth-scroll=\"true\" href=\"http:\/\/giardinu-di-gnaccare.com\/index.php\/les-tarifs\/\"  data-colibri-id=\"161-c29\" class=\"d-flex w-100 align-items-center h-button justify-content-lg-center justify-content-md-center justify-content-center style-466 style-local-161-c29 position-relative\"><!----><!----> <span>Consulter les tarifs<\/span><\/a>\n                    <\/span>\n                  <\/div>\n                <\/div>\n              <\/div>\n            <\/div>\n          <\/div>\n        <\/div>\n      <\/div>\n    <\/div>\n  <\/div>\n<\/div>","protected":false},"excerpt":{"rendered":"<p>Suite Soli La suite Soli est une suite de 25&nbsp;m\u00b2, orient\u00e9e sud-est, c&rsquo;est la plus grande de la maison. Sa porte-fen\u00eatre s&rsquo;ouvre sur la terrasse mer et ses transats pour une pause lecture \u00e0 l&rsquo;ombre d&rsquo;un lentisque. Elle est \u00e9quip\u00e9e d&rsquo;un lit king size (180&#215;200), d&rsquo;un grand placard, d&rsquo;une biblioth\u00e8que et de la climatisation individuelle. [&hellip;]<\/p>\n","protected":false},"author":1,"featured_media":0,"parent":0,"menu_order":0,"comment_status":"closed","ping_status":"closed","template":"page-templates\/full-width-page.php","meta":{"footnotes":""},"class_list":["post-161","page","type-page","status-publish","hentry"],"_links":{"self":[{"href":"https:\/\/giardinu-di-gnaccare.com\/en\/wp-json\/wp\/v2\/pages\/161","targetHints":{"allow":["GET"]}}],"collection":[{"href":"https:\/\/giardinu-di-gnaccare.com\/en\/wp-json\/wp\/v2\/pages"}],"about":[{"href":"https:\/\/giardinu-di-gnaccare.com\/en\/wp-json\/wp\/v2\/types\/page"}],"author":[{"embeddable":true,"href":"https:\/\/giardinu-di-gnaccare.com\/en\/wp-json\/wp\/v2\/users\/1"}],"replies":[{"embeddable":true,"href":"https:\/\/giardinu-di-gnaccare.com\/en\/wp-json\/wp\/v2\/comments?post=161"}],"version-history":[{"count":14,"href":"https:\/\/giardinu-di-gnaccare.com\/en\/wp-json\/wp\/v2\/pages\/161\/revisions"}],"predecessor-version":[{"id":1026,"href":"https:\/\/giardinu-di-gnaccare.com\/en\/wp-json\/wp\/v2\/pages\/161\/revisions\/1026"}],"wp:attachment":[{"href":"https:\/\/giardinu-di-gnaccare.com\/en\/wp-json\/wp\/v2\/media?parent=161"}],"curies":[{"name":"wp","href":"https:\/\/api.w.org\/{rel}","templated":true}]}}