{"id":319,"date":"2020-09-10T15:19:24","date_gmt":"2020-09-10T13:19:24","guid":{"rendered":"http:\/\/giardinu-di-gnaccare.com\/?page_id=319"},"modified":"2024-10-06T18:44:44","modified_gmt":"2024-10-06T16:44:44","slug":"cabine","status":"publish","type":"page","link":"https:\/\/giardinu-di-gnaccare.com\/en\/cabine\/","title":{"rendered":"Cabine"},"content":{"rendered":"<div data-colibri-id=\"319-c1\" class=\"style-414 style-local-319-c1 position-relative\">\r\n  <!---->\r\n  <div data-colibri-component=\"section\" data-colibri-id=\"319-c2\" id=\"portfolio\" class=\"h-section h-section-global-spacing d-flex align-items-lg-center align-items-md-center align-items-center style-415 style-local-319-c2 position-relative\">\r\n    <!---->\r\n    <!---->\r\n    <div class=\"h-section-grid-container h-section-fluid-container\">\r\n      <div data-colibri-id=\"319-c12\" class=\"h-row-container gutters-row-lg-2 gutters-row-md-2 gutters-row-0 gutters-row-v-lg-2 gutters-row-v-md-2 gutters-row-v-2 style-429 style-local-319-c12 position-relative\">\r\n        <!---->\r\n        <div class=\"h-row justify-content-lg-center justify-content-md-center justify-content-center align-items-lg-stretch align-items-md-stretch align-items-stretch gutters-col-lg-2 gutters-col-md-2 gutters-col-0 gutters-col-v-lg-2 gutters-col-v-md-2 gutters-col-v-2\">\r\n          <!---->\r\n          <div class=\"h-column h-column-container d-flex h-col-lg-auto h-col-md-auto h-col-auto style-430-outer style-local-319-c13-outer\">\r\n            <div data-colibri-id=\"319-c13\" class=\"d-flex h-flex-basis h-column__inner h-px-lg-2 h-px-md-2 h-px-2 v-inner-lg-2 v-inner-md-2 v-inner-2 style-430 style-local-319-c13 position-relative\">\r\n              <!---->\r\n              <!---->\r\n              <div class=\"w-100 h-y-container h-column__content h-column__v-align flex-basis-100 align-self-lg-start align-self-md-start align-self-start\">\r\n                <!---->\r\n                <div data-colibri-id=\"319-c14\" class=\"h-global-transition-all h-heading style-431 style-local-319-c14 position-relative h-element\">\r\n                  <!---->\r\n                  <div class=\"h-heading__outer style-431 style-local-319-c14\">\r\n                    <!---->\r\n                    <!---->\r\n                    <h2 class=\"\">Cabine Delfinu<\/h2>\r\n                  <\/div>\r\n                <\/div>\r\n                <div data-colibri-id=\"319-c15\" class=\"h-lead h-text h-text-component style-432 style-local-319-c15 position-relative h-element\">\r\n                  <!---->\r\n                  <!---->\r\n                  <div class=\"\">\r\n                    <p>La cabine Delfinu est une chambre am\u00e9nag\u00e9e dans l&rsquo;esprit d&rsquo;une cabine de bateau, id\u00e9ale pour installer les enfants :&nbsp;pas de sortie vers les terrasses pour la s\u00e9curit\u00e9, deux lits superpos\u00e9s avec rebord antichute, un placard et\r\n                      une climatisation individuelle. Elle partage sa salle de bain avec la chambre Curallu.\r\n                      <br>\r\n                      <br>\r\n                    <\/p>\r\n                  <\/div>\r\n                <\/div>\r\n              <\/div>\r\n            <\/div>\r\n          <\/div>\r\n        <\/div>\r\n      <\/div>\r\n      <div data-colibri-id=\"319-c3\" class=\"h-row-container gutters-row-lg-2 gutters-row-md-2 gutters-row-0 gutters-row-v-lg-2 gutters-row-v-md-2 gutters-row-v-2 style-416 style-local-319-c3 position-relative\">\r\n        <!---->\r\n        <div class=\"h-row justify-content-lg-center justify-content-md-center justify-content-center align-items-lg-stretch align-items-md-stretch align-items-stretch gutters-col-lg-2 gutters-col-md-2 gutters-col-0 gutters-col-v-lg-2 gutters-col-v-md-2 gutters-col-v-2\">\r\n          <!---->\r\n          <div class=\"h-column h-column-container d-flex h-col-lg-6 h-col-md-3 h-col-12 style-417-outer style-local-319-c4-outer\">\r\n            <div data-colibri-id=\"319-c4\" class=\"d-flex h-flex-basis h-column__inner h-px-lg-0 h-px-md-0 h-px-0 v-inner-lg-0 v-inner-md-0 v-inner-0 style-417 style-local-319-c4 position-relative\">\r\n              <!---->\r\n              <!---->\r\n              <div class=\"w-100 h-y-container h-column__content h-column__v-align flex-basis-100 align-self-lg-start align-self-md-start align-self-start\">\r\n                <!---->\r\n                <div data-colibri-id=\"319-c5\" class=\"d-block style-463 style-local-319-c5 position-relative h-element\">\r\n                  <!---->\r\n                  <div class=\"h-image__frame-container-outer\">\r\n                    <div class=\"h-image__frame-container\">\r\n                      <!---->\r\n                      <!---->\r\n                      <img loading=\"lazy\" decoding=\"async\" width=\"1153\" height=\"2560\" src=\"http:\/\/giardinu-di-gnaccare.com\/wp-content\/uploads\/2020\/09\/20200826_093930-scaled.jpg\" class=\"wp-image-512 style-463-image style-local-319-c5-image\" alt=\"\" srcset=\"https:\/\/giardinu-di-gnaccare.com\/wp-content\/uploads\/2020\/09\/20200826_093930-scaled.jpg 1153w, https:\/\/giardinu-di-gnaccare.com\/wp-content\/uploads\/2020\/09\/20200826_093930-135x300.jpg 135w, https:\/\/giardinu-di-gnaccare.com\/wp-content\/uploads\/2020\/09\/20200826_093930-461x1024.jpg 461w, https:\/\/giardinu-di-gnaccare.com\/wp-content\/uploads\/2020\/09\/20200826_093930-768x1705.jpg 768w, https:\/\/giardinu-di-gnaccare.com\/wp-content\/uploads\/2020\/09\/20200826_093930-692x1536.jpg 692w, https:\/\/giardinu-di-gnaccare.com\/wp-content\/uploads\/2020\/09\/20200826_093930-922x2048.jpg 922w\" sizes=\"auto, (max-width: 1153px) 100vw, 1153px\" \/>\r\n                      <div class=\"h-image__frame h-hide-lg h-hide-md h-hide-sm style-463-frameImage style-local-319-c5-frameImage\"><\/div>\r\n                    <\/div>\r\n                  <\/div>\r\n                <\/div>\r\n              <\/div>\r\n            <\/div>\r\n          <\/div>\r\n          <div class=\"h-column h-column-container d-flex h-col-lg-6 h-col-md-3 h-col-12 style-417-outer style-local-319-c6-outer\">\r\n            <div data-colibri-id=\"319-c6\" class=\"d-flex h-flex-basis h-column__inner h-px-lg-0 h-px-md-0 h-px-0 v-inner-lg-0 v-inner-md-0 v-inner-0 style-417 style-local-319-c6 position-relative\">\r\n              <!---->\r\n              <!---->\r\n              <div class=\"w-100 h-y-container h-column__content h-column__v-align flex-basis-100 align-self-lg-start align-self-md-start align-self-start\">\r\n                <!---->\r\n                <div data-colibri-id=\"319-c7\" class=\"d-block style-464 style-local-319-c7 position-relative h-element\">\r\n                  <!---->\r\n                  <div class=\"h-image__frame-container-outer\">\r\n                    <div class=\"h-image__frame-container\">\r\n                      <!---->\r\n                      <!---->\r\n                      <img loading=\"lazy\" decoding=\"async\" width=\"1153\" height=\"2560\" src=\"http:\/\/giardinu-di-gnaccare.com\/wp-content\/uploads\/2020\/09\/20200826_094000-scaled.jpg\" class=\"wp-image-515 style-464-image style-local-319-c7-image\" alt=\"\" srcset=\"https:\/\/giardinu-di-gnaccare.com\/wp-content\/uploads\/2020\/09\/20200826_094000-scaled.jpg 1153w, https:\/\/giardinu-di-gnaccare.com\/wp-content\/uploads\/2020\/09\/20200826_094000-135x300.jpg 135w, https:\/\/giardinu-di-gnaccare.com\/wp-content\/uploads\/2020\/09\/20200826_094000-461x1024.jpg 461w, https:\/\/giardinu-di-gnaccare.com\/wp-content\/uploads\/2020\/09\/20200826_094000-768x1705.jpg 768w, https:\/\/giardinu-di-gnaccare.com\/wp-content\/uploads\/2020\/09\/20200826_094000-692x1536.jpg 692w, https:\/\/giardinu-di-gnaccare.com\/wp-content\/uploads\/2020\/09\/20200826_094000-922x2048.jpg 922w\" sizes=\"auto, (max-width: 1153px) 100vw, 1153px\" \/>\r\n                      <div class=\"h-image__frame h-hide-lg h-hide-md h-hide-sm style-464-frameImage style-local-319-c7-frameImage\"><\/div>\r\n                    <\/div>\r\n                  <\/div>\r\n                <\/div>\r\n              <\/div>\r\n            <\/div>\r\n          <\/div>\r\n          <div class=\"h-column h-column-container d-flex h-col-lg-6 h-col-md-3 h-col-12 style-647-outer style-local-319-c8-outer\">\r\n            <div data-colibri-id=\"319-c8\" class=\"d-flex h-flex-basis h-column__inner h-ui-empty-state-container h-px-lg-2 h-px-md-2 h-px-2 v-inner-lg-2 v-inner-md-2 v-inner-2 style-647 style-local-319-c8 position-relative\">\r\n              <!---->\r\n              <!---->\r\n              <div class=\"w-100 h-y-container h-column__content h-column__v-align flex-basis-100\">\r\n                <!---->\r\n              <\/div>\r\n            <\/div>\r\n          <\/div>\r\n        <\/div>\r\n      <\/div>\r\n      <div data-colibri-id=\"319-c9\" class=\"h-row-container gutters-row-lg-2 gutters-row-md-2 gutters-row-0 gutters-row-v-lg-2 gutters-row-v-md-2 gutters-row-v-2 style-649 style-local-319-c9 position-relative\">\r\n        <!---->\r\n        <div class=\"h-row justify-content-lg-center justify-content-md-center justify-content-center align-items-lg-stretch align-items-md-stretch align-items-stretch gutters-col-lg-2 gutters-col-md-2 gutters-col-0 gutters-col-v-lg-2 gutters-col-v-md-2 gutters-col-v-2\">\r\n          <!---->\r\n          <div class=\"h-column h-column-container d-flex h-col-lg-auto h-col-md-auto h-col-auto style-650-outer style-local-319-c10-outer\">\r\n            <div data-colibri-id=\"319-c10\" class=\"d-flex h-flex-basis h-column__inner h-px-lg-2 h-px-md-2 h-px-2 v-inner-lg-2 v-inner-md-2 v-inner-2 style-650 style-local-319-c10 position-relative\">\r\n              <!---->\r\n              <!---->\r\n              <div class=\"w-100 h-y-container h-column__content h-column__v-align flex-basis-100 align-self-lg-start align-self-md-start align-self-start\">\r\n                <!---->\r\n                <div data-colibri-id=\"319-c11\" class=\"d-block style-648 style-local-319-c11 position-relative h-element\">\r\n                  <!---->\r\n                  <div class=\"h-image__frame-container-outer\">\r\n                    <div class=\"h-image__frame-container\">\r\n                      <!---->\r\n                      <!---->\r\n                      <img loading=\"lazy\" decoding=\"async\" width=\"2560\" height=\"1153\" src=\"http:\/\/giardinu-di-gnaccare.com\/wp-content\/uploads\/2020\/09\/20200826_093948-scaled.jpg\" class=\"wp-image-514 style-648-image style-local-319-c11-image\" alt=\"\" srcset=\"https:\/\/giardinu-di-gnaccare.com\/wp-content\/uploads\/2020\/09\/20200826_093948-scaled.jpg 2560w, https:\/\/giardinu-di-gnaccare.com\/wp-content\/uploads\/2020\/09\/20200826_093948-300x135.jpg 300w, https:\/\/giardinu-di-gnaccare.com\/wp-content\/uploads\/2020\/09\/20200826_093948-1024x461.jpg 1024w, https:\/\/giardinu-di-gnaccare.com\/wp-content\/uploads\/2020\/09\/20200826_093948-768x346.jpg 768w, https:\/\/giardinu-di-gnaccare.com\/wp-content\/uploads\/2020\/09\/20200826_093948-1536x692.jpg 1536w, https:\/\/giardinu-di-gnaccare.com\/wp-content\/uploads\/2020\/09\/20200826_093948-2048x922.jpg 2048w\" sizes=\"auto, (max-width: 2560px) 100vw, 2560px\" \/>\r\n                      <div class=\"h-image__frame h-hide-lg h-hide-md h-hide-sm style-648-frameImage style-local-319-c11-frameImage\"><\/div>\r\n                    <\/div>\r\n                  <\/div>\r\n                <\/div>\r\n              <\/div>\r\n            <\/div>\r\n          <\/div>\r\n        <\/div>\r\n      <\/div>\r\n    <\/div>\r\n  <\/div>\r\n  <div data-colibri-component=\"section\" data-colibri-id=\"319-c16\" id=\"custom\" class=\"h-section h-section-global-spacing d-flex align-items-lg-center align-items-md-center align-items-center style-460 style-local-319-c16 position-relative\">\r\n    <!---->\r\n    <!---->\r\n    <div class=\"h-section-grid-container h-section-boxed-container\">\r\n      <!---->\r\n      <div data-colibri-id=\"319-c17\" class=\"h-row-container gutters-row-lg-2 gutters-row-md-2 gutters-row-0 gutters-row-v-lg-2 gutters-row-v-md-2 gutters-row-v-2 style-461 style-local-319-c17 position-relative\">\r\n        <!---->\r\n        <div class=\"h-row justify-content-lg-center justify-content-md-center justify-content-center align-items-lg-stretch align-items-md-stretch align-items-stretch gutters-col-lg-2 gutters-col-md-2 gutters-col-0 gutters-col-v-lg-2 gutters-col-v-md-2 gutters-col-v-2\">\r\n          <!---->\r\n          <div class=\"h-column h-column-container d-flex h-col-lg-auto h-col-md-auto h-col-auto style-462-outer style-local-319-c18-outer\">\r\n            <div data-colibri-id=\"319-c18\" class=\"d-flex h-flex-basis h-column__inner h-px-lg-2 h-px-md-2 h-px-2 v-inner-lg-2 v-inner-md-2 v-inner-2 style-462 style-local-319-c18 position-relative\">\r\n              <!---->\r\n              <!---->\r\n              <div class=\"w-100 h-y-container h-column__content h-column__v-align flex-basis-100 align-self-lg-start align-self-md-start align-self-start\">\r\n                <!---->\r\n                <div data-colibri-id=\"319-c19\" class=\"h-x-container style-454 style-local-319-c19 position-relative h-element\">\r\n                  <!---->\r\n                  <div class=\"h-x-container-inner style-dynamic-319-c19-group style-454-spacing style-local-319-c19-spacing\"><span class=\"h-button__outer style-455-outer style-local-319-c20-outer d-inline-flex h-element\"><a h-use-smooth-scroll=\"true\" href=\"http:\/\/giardinu-di-gnaccare.com\/index.php\/les-tarifs\/\"  data-colibri-id=\"319-c20\" class=\"d-flex w-100 align-items-center h-button justify-content-lg-center justify-content-md-center justify-content-center style-455 style-local-319-c20 position-relative\"><!----><!----> <span>Consulter les tarifs<\/span><\/a>\r\n                    <\/span>\r\n                  <\/div>\r\n                <\/div>\r\n              <\/div>\r\n            <\/div>\r\n          <\/div>\r\n          <div class=\"h-column h-column-container d-flex h-col-lg-auto h-col-md-auto h-col-auto style-646-outer style-local-319-c21-outer\">\r\n            <div data-colibri-id=\"319-c21\" class=\"d-flex h-flex-basis h-column__inner h-ui-empty-state-container h-px-lg-2 h-px-md-2 h-px-2 v-inner-lg-2 v-inner-md-2 v-inner-2 style-646 style-local-319-c21 position-relative\">\r\n              <!---->\r\n              <!---->\r\n              <div class=\"w-100 h-y-container h-column__content h-column__v-align flex-basis-100\">\r\n                <!---->\r\n              <\/div>\r\n            <\/div>\r\n          <\/div>\r\n        <\/div>\r\n      <\/div>\r\n    <\/div>\r\n  <\/div>\r\n<\/div>","protected":false},"excerpt":{"rendered":"<p>Cabine Delfinu La cabine Delfinu est une chambre am\u00e9nag\u00e9e dans l&rsquo;esprit d&rsquo;une cabine de bateau, id\u00e9ale pour installer les enfants :&nbsp;pas de sortie vers les terrasses pour la s\u00e9curit\u00e9, deux lits superpos\u00e9s avec rebord antichute, un placard et une climatisation individuelle. Elle partage sa salle de bain avec la chambre Curallu. Consulter les tarifs<\/p>","protected":false},"author":1,"featured_media":0,"parent":0,"menu_order":0,"comment_status":"closed","ping_status":"closed","template":"page-templates\/full-width-page.php","meta":{"footnotes":""},"class_list":["post-319","page","type-page","status-publish","hentry"],"_links":{"self":[{"href":"https:\/\/giardinu-di-gnaccare.com\/en\/wp-json\/wp\/v2\/pages\/319","targetHints":{"allow":["GET"]}}],"collection":[{"href":"https:\/\/giardinu-di-gnaccare.com\/en\/wp-json\/wp\/v2\/pages"}],"about":[{"href":"https:\/\/giardinu-di-gnaccare.com\/en\/wp-json\/wp\/v2\/types\/page"}],"author":[{"embeddable":true,"href":"https:\/\/giardinu-di-gnaccare.com\/en\/wp-json\/wp\/v2\/users\/1"}],"replies":[{"embeddable":true,"href":"https:\/\/giardinu-di-gnaccare.com\/en\/wp-json\/wp\/v2\/comments?post=319"}],"version-history":[{"count":7,"href":"https:\/\/giardinu-di-gnaccare.com\/en\/wp-json\/wp\/v2\/pages\/319\/revisions"}],"predecessor-version":[{"id":1040,"href":"https:\/\/giardinu-di-gnaccare.com\/en\/wp-json\/wp\/v2\/pages\/319\/revisions\/1040"}],"wp:attachment":[{"href":"https:\/\/giardinu-di-gnaccare.com\/en\/wp-json\/wp\/v2\/media?parent=319"}],"curies":[{"name":"wp","href":"https:\/\/api.w.org\/{rel}","templated":true}]}}