{"id":321,"date":"2020-09-10T15:19:52","date_gmt":"2020-09-10T13:19:52","guid":{"rendered":"http:\/\/giardinu-di-gnaccare.com\/?page_id=321"},"modified":"2023-04-01T16:54:08","modified_gmt":"2023-04-01T14:54:08","slug":"chambre-5","status":"publish","type":"page","link":"https:\/\/giardinu-di-gnaccare.com\/en\/chambre-5\/","title":{"rendered":"Chambre 5"},"content":{"rendered":"<div data-colibri-id=\"321-c1\" class=\"style-465 style-local-321-c1 position-relative\">\n  <!---->\n  <div data-colibri-component=\"section\" data-colibri-id=\"321-c2\" id=\"about\" class=\"h-section h-section-global-spacing d-flex align-items-lg-center align-items-md-center align-items-center style-470 style-local-321-c2 position-relative\">\n    <!---->\n    <!---->\n    <div class=\"h-section-grid-container h-section-boxed-container\">\n      <!---->\n      <div data-colibri-id=\"321-c3\" class=\"h-row-container gutters-row-lg-2 gutters-row-md-2 gutters-row-2 gutters-row-v-lg-2 gutters-row-v-md-2 gutters-row-v-2 style-471 style-local-321-c3 position-relative\">\n        <!---->\n        <div class=\"h-row justify-content-lg-center justify-content-md-center justify-content-center align-items-lg-stretch align-items-md-stretch align-items-stretch gutters-col-lg-2 gutters-col-md-2 gutters-col-2 gutters-col-v-lg-2 gutters-col-v-md-2 gutters-col-v-2\">\n          <!---->\n          <div class=\"h-column h-column-container d-flex h-col-lg-auto h-col-md-auto h-col-auto style-472-outer style-local-321-c4-outer\">\n            <div data-colibri-id=\"321-c4\" class=\"d-flex h-flex-basis h-column__inner h-px-lg-2 h-px-md-2 h-px-2 v-inner-lg-2 v-inner-md-2 v-inner-2 style-472 style-local-321-c4 position-relative\">\n              <!---->\n              <!---->\n              <div class=\"w-100 h-y-container h-column__content h-column__v-align flex-basis-100 align-self-lg-center align-self-md-center align-self-center\">\n                <!---->\n                <div data-colibri-id=\"321-c5\" class=\"h-global-transition-all h-heading style-473 style-local-321-c5 position-relative h-element\">\n                  <!---->\n                  <div class=\"h-heading__outer style-473 style-local-321-c5\">\n                    <!---->\n                    <!---->\n                    <h5 class=\"\">Suite Azuru<\/h5>\n                  <\/div>\n                <\/div>\n                <div data-colibri-id=\"321-c6\" class=\"h-lead h-text h-text-component style-475 style-local-321-c6 position-relative h-element\">\n                  <!---->\n                  <!---->\n                  <div class=\"\">\n                    <p>La suite Azuru est une suite orient\u00e9e sud-est avec une porte-fen\u00eatre ouvrant sur une terrasse mer.<\/p>\n                    <p>Elle est \u00e9quip\u00e9e d&rsquo;un lit queen size (160&#215;200), d&rsquo;un grand placard et dispose d\u2019une salle de douche privative en travertin avec les WC s\u00e9par\u00e9s.<\/p>\n                  <\/div>\n                <\/div>\n              <\/div>\n            <\/div>\n          <\/div>\n          <div class=\"h-column h-column-container d-flex h-col-lg-auto h-col-md-auto h-col-auto style-478-outer style-local-321-c7-outer\">\n            <div data-colibri-id=\"321-c7\" class=\"d-flex h-flex-basis h-column__inner h-px-lg-2 h-px-md-2 h-px-2 v-inner-lg-2 v-inner-md-2 v-inner-2 style-478 style-local-321-c7 position-relative\">\n              <!---->\n              <!---->\n              <div class=\"w-100 h-y-container h-column__content h-column__v-align flex-basis-100 align-self-lg-center align-self-md-center align-self-center\">\n                <!---->\n                <div data-colibri-id=\"321-c8\" class=\"d-block style-479 style-local-321-c8 position-relative h-element\">\n                  <!---->\n                  <div class=\"h-image__frame-container-outer\">\n                    <div class=\"h-image__frame-container\">\n                      <!---->\n                      <!---->\n                      <img loading=\"lazy\" decoding=\"async\" width=\"1153\" height=\"1978\" src=\"http:\/\/giardinu-di-gnaccare.com\/wp-content\/uploads\/2020\/09\/cropped-20200826_094039-scaled-1.jpg\" class=\"wp-image-652 style-479-image style-local-321-c8-image\" alt=\"\" srcset=\"https:\/\/giardinu-di-gnaccare.com\/wp-content\/uploads\/2020\/09\/cropped-20200826_094039-scaled-1.jpg 1153w, https:\/\/giardinu-di-gnaccare.com\/wp-content\/uploads\/2020\/09\/cropped-20200826_094039-scaled-1-175x300.jpg 175w, https:\/\/giardinu-di-gnaccare.com\/wp-content\/uploads\/2020\/09\/cropped-20200826_094039-scaled-1-597x1024.jpg 597w, https:\/\/giardinu-di-gnaccare.com\/wp-content\/uploads\/2020\/09\/cropped-20200826_094039-scaled-1-768x1318.jpg 768w, https:\/\/giardinu-di-gnaccare.com\/wp-content\/uploads\/2020\/09\/cropped-20200826_094039-scaled-1-895x1536.jpg 895w\" sizes=\"auto, (max-width: 1153px) 100vw, 1153px\" \/>\n                      <div class=\"h-image__frame h-hide-sm style-479-frameImage style-local-321-c8-frameImage\"><\/div>\n                    <\/div>\n                  <\/div>\n                <\/div>\n              <\/div>\n            <\/div>\n          <\/div>\n        <\/div>\n      <\/div>\n    <\/div>\n  <\/div>\n  <div data-colibri-component=\"section\" data-colibri-id=\"321-c9\" id=\"custom\" class=\"h-section h-section-global-spacing d-flex align-items-lg-center align-items-md-center align-items-center style-480 style-local-321-c9 position-relative\">\n    <!---->\n    <!---->\n    <div class=\"h-section-grid-container h-section-fluid-container\">\n      <!---->\n      <div data-colibri-id=\"321-c10\" class=\"h-row-container gutters-row-lg-2 gutters-row-md-2 gutters-row-0 gutters-row-v-lg-2 gutters-row-v-md-2 gutters-row-v-2 style-638 style-local-321-c10 position-relative\">\n        <!---->\n        <div class=\"h-row justify-content-lg-center justify-content-md-center justify-content-center align-items-lg-stretch align-items-md-stretch align-items-stretch gutters-col-lg-2 gutters-col-md-2 gutters-col-0 gutters-col-v-lg-2 gutters-col-v-md-2 gutters-col-v-2\">\n          <!---->\n          <div class=\"h-column h-column-container d-flex h-col-lg-auto h-col-md-auto h-col-auto style-639-outer style-local-321-c11-outer\">\n            <div data-colibri-id=\"321-c11\" class=\"d-flex h-flex-basis h-column__inner h-px-lg-2 h-px-md-2 h-px-2 v-inner-lg-2 v-inner-md-2 v-inner-2 style-639 style-local-321-c11 position-relative\">\n              <!---->\n              <!---->\n              <div class=\"w-100 h-y-container h-column__content h-column__v-align flex-basis-100 align-self-lg-start align-self-md-start align-self-start\">\n                <!---->\n                <div data-colibri-id=\"321-c12\" class=\"d-block style-492 style-local-321-c12 position-relative h-element\">\n                  <!---->\n                  <div class=\"h-image__frame-container-outer\">\n                    <div class=\"h-image__frame-container\">\n                      <!---->\n                      <!---->\n                      <img loading=\"lazy\" decoding=\"async\" width=\"2560\" height=\"1153\" src=\"http:\/\/giardinu-di-gnaccare.com\/wp-content\/uploads\/2020\/09\/20200826_094014-scaled.jpg\" class=\"wp-image-559 style-492-image style-local-321-c12-image\" alt=\"\" srcset=\"https:\/\/giardinu-di-gnaccare.com\/wp-content\/uploads\/2020\/09\/20200826_094014-scaled.jpg 2560w, https:\/\/giardinu-di-gnaccare.com\/wp-content\/uploads\/2020\/09\/20200826_094014-300x135.jpg 300w, https:\/\/giardinu-di-gnaccare.com\/wp-content\/uploads\/2020\/09\/20200826_094014-1024x461.jpg 1024w, https:\/\/giardinu-di-gnaccare.com\/wp-content\/uploads\/2020\/09\/20200826_094014-768x346.jpg 768w, https:\/\/giardinu-di-gnaccare.com\/wp-content\/uploads\/2020\/09\/20200826_094014-1536x692.jpg 1536w, https:\/\/giardinu-di-gnaccare.com\/wp-content\/uploads\/2020\/09\/20200826_094014-2048x922.jpg 2048w\" sizes=\"auto, (max-width: 2560px) 100vw, 2560px\" \/>\n                      <div class=\"h-image__frame h-hide-lg h-hide-md h-hide-sm style-492-frameImage style-local-321-c12-frameImage\"><\/div>\n                    <\/div>\n                  <\/div>\n                <\/div>\n                <div data-colibri-id=\"321-c13\" class=\"d-block style-491 style-local-321-c13 position-relative h-element\">\n                  <!---->\n                  <div class=\"h-image__frame-container-outer\">\n                    <div class=\"h-image__frame-container\">\n                      <!---->\n                      <!---->\n                      <img loading=\"lazy\" decoding=\"async\" width=\"2560\" height=\"1153\" src=\"http:\/\/giardinu-di-gnaccare.com\/wp-content\/uploads\/2020\/09\/20200826_094031-scaled.jpg\" class=\"wp-image-556 style-491-image style-local-321-c13-image\" alt=\"\" srcset=\"https:\/\/giardinu-di-gnaccare.com\/wp-content\/uploads\/2020\/09\/20200826_094031-scaled.jpg 2560w, https:\/\/giardinu-di-gnaccare.com\/wp-content\/uploads\/2020\/09\/20200826_094031-300x135.jpg 300w, https:\/\/giardinu-di-gnaccare.com\/wp-content\/uploads\/2020\/09\/20200826_094031-1024x461.jpg 1024w, https:\/\/giardinu-di-gnaccare.com\/wp-content\/uploads\/2020\/09\/20200826_094031-768x346.jpg 768w, https:\/\/giardinu-di-gnaccare.com\/wp-content\/uploads\/2020\/09\/20200826_094031-1536x692.jpg 1536w, https:\/\/giardinu-di-gnaccare.com\/wp-content\/uploads\/2020\/09\/20200826_094031-2048x922.jpg 2048w\" sizes=\"auto, (max-width: 2560px) 100vw, 2560px\" \/>\n                      <div class=\"h-image__frame h-hide-lg h-hide-md h-hide-sm style-491-frameImage style-local-321-c13-frameImage\"><\/div>\n                    <\/div>\n                  <\/div>\n                <\/div>\n              <\/div>\n            <\/div>\n          <\/div>\n        <\/div>\n      <\/div>\n      <div data-colibri-id=\"321-c14\" class=\"h-row-container gutters-row-lg-2 gutters-row-md-2 gutters-row-0 gutters-row-v-lg-2 gutters-row-v-md-2 gutters-row-v-2 style-481 style-local-321-c14 position-relative\">\n        <!---->\n        <div class=\"h-row justify-content-lg-center justify-content-md-center justify-content-center align-items-lg-stretch align-items-md-stretch align-items-stretch gutters-col-lg-2 gutters-col-md-2 gutters-col-0 gutters-col-v-lg-2 gutters-col-v-md-2 gutters-col-v-2\">\n          <!---->\n          <div class=\"h-column h-column-container d-flex h-col-lg-auto h-col-md-auto h-col-auto style-482-outer style-local-321-c15-outer\">\n            <div data-colibri-id=\"321-c15\" class=\"d-flex h-flex-basis h-column__inner h-px-lg-2 h-px-md-2 h-px-2 v-inner-lg-2 v-inner-md-2 v-inner-2 style-482 style-local-321-c15 position-relative\">\n              <!---->\n              <!---->\n              <div class=\"w-100 h-y-container h-column__content h-column__v-align flex-basis-100 align-self-lg-start align-self-md-start align-self-start\">\n                <!---->\n                <div data-colibri-id=\"321-c16\" class=\"d-block style-643 style-local-321-c16 position-relative h-element\">\n                  <!---->\n                  <div class=\"h-image__frame-container-outer\">\n                    <div class=\"h-image__frame-container\">\n                      <!---->\n                      <!---->\n                      <img loading=\"lazy\" decoding=\"async\" width=\"1153\" height=\"2560\" src=\"http:\/\/giardinu-di-gnaccare.com\/wp-content\/uploads\/2020\/09\/20200826_094047-scaled.jpg\" class=\"wp-image-557 style-643-image style-local-321-c16-image\" alt=\"\" srcset=\"https:\/\/giardinu-di-gnaccare.com\/wp-content\/uploads\/2020\/09\/20200826_094047-scaled.jpg 1153w, https:\/\/giardinu-di-gnaccare.com\/wp-content\/uploads\/2020\/09\/20200826_094047-135x300.jpg 135w, https:\/\/giardinu-di-gnaccare.com\/wp-content\/uploads\/2020\/09\/20200826_094047-461x1024.jpg 461w, https:\/\/giardinu-di-gnaccare.com\/wp-content\/uploads\/2020\/09\/20200826_094047-768x1705.jpg 768w, https:\/\/giardinu-di-gnaccare.com\/wp-content\/uploads\/2020\/09\/20200826_094047-692x1536.jpg 692w, https:\/\/giardinu-di-gnaccare.com\/wp-content\/uploads\/2020\/09\/20200826_094047-922x2048.jpg 922w\" sizes=\"auto, (max-width: 1153px) 100vw, 1153px\" \/>\n                      <div class=\"h-image__frame h-hide-lg h-hide-md h-hide-sm style-643-frameImage style-local-321-c16-frameImage\"><\/div>\n                    <\/div>\n                  <\/div>\n                <\/div>\n              <\/div>\n            <\/div>\n          <\/div>\n          <div class=\"h-column h-column-container d-flex h-col-lg-auto h-col-md-auto h-col-auto style-483-outer style-local-321-c17-outer\">\n            <div data-colibri-id=\"321-c17\" class=\"d-flex h-flex-basis h-column__inner h-px-lg-2 h-px-md-2 h-px-2 v-inner-lg-2 v-inner-md-2 v-inner-2 style-483 style-local-321-c17 position-relative\">\n              <!---->\n              <!---->\n              <div class=\"w-100 h-y-container h-column__content h-column__v-align flex-basis-100 align-self-lg-start align-self-md-start align-self-start\">\n                <!---->\n                <div data-colibri-id=\"321-c18\" class=\"d-block style-644 style-local-321-c18 position-relative h-element\">\n                  <!---->\n                  <div class=\"h-image__frame-container-outer\">\n                    <div class=\"h-image__frame-container\">\n                      <!---->\n                      <!---->\n                      <img loading=\"lazy\" decoding=\"async\" width=\"1153\" height=\"2560\" src=\"http:\/\/giardinu-di-gnaccare.com\/wp-content\/uploads\/2020\/09\/20200826_094112-scaled.jpg\" class=\"wp-image-560 style-644-image style-local-321-c18-image\" alt=\"\" srcset=\"https:\/\/giardinu-di-gnaccare.com\/wp-content\/uploads\/2020\/09\/20200826_094112-scaled.jpg 1153w, https:\/\/giardinu-di-gnaccare.com\/wp-content\/uploads\/2020\/09\/20200826_094112-135x300.jpg 135w, https:\/\/giardinu-di-gnaccare.com\/wp-content\/uploads\/2020\/09\/20200826_094112-461x1024.jpg 461w, https:\/\/giardinu-di-gnaccare.com\/wp-content\/uploads\/2020\/09\/20200826_094112-768x1705.jpg 768w, https:\/\/giardinu-di-gnaccare.com\/wp-content\/uploads\/2020\/09\/20200826_094112-692x1536.jpg 692w, https:\/\/giardinu-di-gnaccare.com\/wp-content\/uploads\/2020\/09\/20200826_094112-922x2048.jpg 922w\" sizes=\"auto, (max-width: 1153px) 100vw, 1153px\" \/>\n                      <div class=\"h-image__frame h-hide-lg h-hide-md h-hide-sm style-644-frameImage style-local-321-c18-frameImage\"><\/div>\n                    <\/div>\n                  <\/div>\n                <\/div>\n              <\/div>\n            <\/div>\n          <\/div>\n          <div class=\"h-column h-column-container d-flex h-col-lg-auto h-col-md-auto h-col-auto style-484-outer style-local-321-c19-outer\">\n            <div data-colibri-id=\"321-c19\" class=\"d-flex h-flex-basis h-column__inner h-px-lg-2 h-px-md-2 h-px-2 v-inner-lg-2 v-inner-md-2 v-inner-2 style-484 style-local-321-c19 position-relative\">\n              <!---->\n              <!---->\n              <div class=\"w-100 h-y-container h-column__content h-column__v-align flex-basis-100 align-self-lg-start align-self-md-start align-self-start\">\n                <!---->\n                <div data-colibri-id=\"321-c20\" class=\"d-block style-645 style-local-321-c20 position-relative h-element\">\n                  <!---->\n                  <div class=\"h-image__frame-container-outer\">\n                    <div class=\"h-image__frame-container\">\n                      <!---->\n                      <!---->\n                      <img loading=\"lazy\" decoding=\"async\" width=\"1153\" height=\"2560\" src=\"http:\/\/giardinu-di-gnaccare.com\/wp-content\/uploads\/2020\/09\/20200826_094010-scaled.jpg\" class=\"wp-image-561 style-645-image style-local-321-c20-image\" alt=\"\" srcset=\"https:\/\/giardinu-di-gnaccare.com\/wp-content\/uploads\/2020\/09\/20200826_094010-scaled.jpg 1153w, https:\/\/giardinu-di-gnaccare.com\/wp-content\/uploads\/2020\/09\/20200826_094010-135x300.jpg 135w, https:\/\/giardinu-di-gnaccare.com\/wp-content\/uploads\/2020\/09\/20200826_094010-461x1024.jpg 461w, https:\/\/giardinu-di-gnaccare.com\/wp-content\/uploads\/2020\/09\/20200826_094010-768x1705.jpg 768w, https:\/\/giardinu-di-gnaccare.com\/wp-content\/uploads\/2020\/09\/20200826_094010-692x1536.jpg 692w, https:\/\/giardinu-di-gnaccare.com\/wp-content\/uploads\/2020\/09\/20200826_094010-922x2048.jpg 922w\" sizes=\"auto, (max-width: 1153px) 100vw, 1153px\" \/>\n                      <div class=\"h-image__frame h-hide-lg h-hide-md h-hide-sm style-645-frameImage style-local-321-c20-frameImage\"><\/div>\n                    <\/div>\n                  <\/div>\n                <\/div>\n              <\/div>\n            <\/div>\n          <\/div>\n        <\/div>\n      <\/div>\n    <\/div>\n  <\/div>\n  <div data-colibri-component=\"section\" data-colibri-id=\"321-c21\" id=\"custom-2\" class=\"h-section h-section-global-spacing d-flex align-items-lg-center align-items-md-center align-items-center style-485 style-local-321-c21 position-relative\">\n    <!---->\n    <!---->\n    <div class=\"h-section-grid-container h-section-boxed-container\">\n      <!---->\n      <div data-colibri-id=\"321-c22\" class=\"h-row-container gutters-row-lg-2 gutters-row-md-2 gutters-row-0 gutters-row-v-lg-2 gutters-row-v-md-2 gutters-row-v-2 style-486 style-local-321-c22 position-relative\">\n        <!---->\n        <div class=\"h-row justify-content-lg-center justify-content-md-center justify-content-center align-items-lg-stretch align-items-md-stretch align-items-stretch gutters-col-lg-2 gutters-col-md-2 gutters-col-0 gutters-col-v-lg-2 gutters-col-v-md-2 gutters-col-v-2\">\n          <!---->\n          <div class=\"h-column h-column-container d-flex h-col-lg-auto h-col-md-auto h-col-auto style-487-outer style-local-321-c23-outer\">\n            <div data-colibri-id=\"321-c23\" class=\"d-flex h-flex-basis h-column__inner h-px-lg-2 h-px-md-2 h-px-2 v-inner-lg-2 v-inner-md-2 v-inner-2 style-487 style-local-321-c23 position-relative\">\n              <!---->\n              <!---->\n              <div class=\"w-100 h-y-container h-column__content h-column__v-align flex-basis-100 align-self-lg-start align-self-md-start align-self-start\">\n                <!---->\n                <div data-colibri-id=\"321-c24\" class=\"h-x-container style-488 style-local-321-c24 position-relative h-element\">\n                  <!---->\n                  <div class=\"h-x-container-inner style-dynamic-321-c24-group style-488-spacing style-local-321-c24-spacing\"><span class=\"h-button__outer style-489-outer style-local-321-c25-outer d-inline-flex h-element\"><a h-use-smooth-scroll=\"true\" href=\"http:\/\/giardinu-di-gnaccare.com\/index.php\/les-tarifs\/\"  data-colibri-id=\"321-c25\" class=\"d-flex w-100 align-items-center h-button justify-content-lg-center justify-content-md-center justify-content-center style-489 style-local-321-c25 position-relative\"><!----><!----> <span>Consulter les tarifs<\/span><\/a>\n                    <\/span>\n                  <\/div>\n                <\/div>\n              <\/div>\n            <\/div>\n          <\/div>\n        <\/div>\n      <\/div>\n    <\/div>\n  <\/div>\n<\/div>","protected":false},"excerpt":{"rendered":"<p>Suite Azuru La suite Azuru est une suite orient\u00e9e sud-est avec une porte-fen\u00eatre ouvrant sur une terrasse mer. Elle est \u00e9quip\u00e9e d&rsquo;un lit queen size (160&#215;200), d&rsquo;un grand placard et dispose d\u2019une salle de douche privative en travertin avec les WC s\u00e9par\u00e9s. Consulter les tarifs<\/p>","protected":false},"author":1,"featured_media":0,"parent":0,"menu_order":0,"comment_status":"closed","ping_status":"closed","template":"page-templates\/full-width-page.php","meta":{"footnotes":""},"class_list":["post-321","page","type-page","status-publish","hentry"],"_links":{"self":[{"href":"https:\/\/giardinu-di-gnaccare.com\/en\/wp-json\/wp\/v2\/pages\/321","targetHints":{"allow":["GET"]}}],"collection":[{"href":"https:\/\/giardinu-di-gnaccare.com\/en\/wp-json\/wp\/v2\/pages"}],"about":[{"href":"https:\/\/giardinu-di-gnaccare.com\/en\/wp-json\/wp\/v2\/types\/page"}],"author":[{"embeddable":true,"href":"https:\/\/giardinu-di-gnaccare.com\/en\/wp-json\/wp\/v2\/users\/1"}],"replies":[{"embeddable":true,"href":"https:\/\/giardinu-di-gnaccare.com\/en\/wp-json\/wp\/v2\/comments?post=321"}],"version-history":[{"count":9,"href":"https:\/\/giardinu-di-gnaccare.com\/en\/wp-json\/wp\/v2\/pages\/321\/revisions"}],"predecessor-version":[{"id":1047,"href":"https:\/\/giardinu-di-gnaccare.com\/en\/wp-json\/wp\/v2\/pages\/321\/revisions\/1047"}],"wp:attachment":[{"href":"https:\/\/giardinu-di-gnaccare.com\/en\/wp-json\/wp\/v2\/media?parent=321"}],"curies":[{"name":"wp","href":"https:\/\/api.w.org\/{rel}","templated":true}]}}