{"id":474,"date":"2020-09-12T18:31:07","date_gmt":"2020-09-12T16:31:07","guid":{"rendered":"http:\/\/giardinu-di-gnaccare.com\/?page_id=474"},"modified":"2024-10-06T18:46:32","modified_gmt":"2024-10-06T16:46:32","slug":"chambre-1","status":"publish","type":"page","link":"https:\/\/giardinu-di-gnaccare.com\/en\/chambre-1\/","title":{"rendered":"Chambre 1"},"content":{"rendered":"<div data-colibri-id=\"474-c1\" class=\"style-539 style-local-474-c1 position-relative\">\r\n  <!---->\r\n  <div data-colibri-component=\"section\" data-colibri-id=\"474-c2\" id=\"about\" class=\"h-section h-section-global-spacing d-flex align-items-lg-center align-items-md-center align-items-center style-540 style-local-474-c2 position-relative\">\r\n    <!---->\r\n    <!---->\r\n    <div class=\"h-section-grid-container h-section-boxed-container\">\r\n      <div data-colibri-id=\"474-c20\" class=\"h-row-container gutters-row-lg-2 gutters-row-md-2 gutters-row-2 gutters-row-v-lg-2 gutters-row-v-md-2 gutters-row-v-2 style-545 style-local-474-c20 position-relative\">\r\n        <!---->\r\n        <div class=\"h-row justify-content-lg-center justify-content-md-center justify-content-center align-items-lg-stretch align-items-md-stretch align-items-stretch gutters-col-lg-2 gutters-col-md-2 gutters-col-2 gutters-col-v-lg-2 gutters-col-v-md-2 gutters-col-v-2\">\r\n          <!---->\r\n          <div class=\"h-column h-column-container d-flex h-col-lg-auto h-col-md-auto h-col-auto style-546-outer style-local-474-c21-outer\">\r\n            <div data-colibri-id=\"474-c21\" class=\"d-flex h-flex-basis h-column__inner h-px-lg-2 h-px-md-2 h-px-2 v-inner-lg-2 v-inner-md-2 v-inner-2 style-546 style-local-474-c21 position-relative\">\r\n              <!---->\r\n              <!---->\r\n              <div class=\"w-100 h-y-container h-column__content h-column__v-align flex-basis-100 align-self-lg-start align-self-md-start align-self-start\">\r\n                <!---->\r\n                <div data-colibri-id=\"474-c22\" class=\"h-global-transition-all h-heading style-547 style-local-474-c22 position-relative h-element\">\r\n                  <!---->\r\n                  <div class=\"h-heading__outer style-547 style-local-474-c22\">\r\n                    <!---->\r\n                    <!---->\r\n                    <h5 class=\"\">Suite Giardinu<\/h5>\r\n                  <\/div>\r\n                <\/div>\r\n                <div data-colibri-id=\"474-c23\" class=\"h-text h-text-component style-734 style-local-474-c23 position-relative h-element\">\r\n                  <!---->\r\n                  <!---->\r\n                  <div class=\"\">\r\n                    <p>Une grande suite au rez-de-chauss\u00e9e, tr\u00e8s haute de plafond, donnant d&rsquo;une part dans le s\u00e9jour et d&rsquo;autre part sur une terrasse privative vue mer, orient\u00e9e nord-est et dot\u00e9e d&rsquo;un salon de jardin. Elle est \u00e9quip\u00e9e d&rsquo;un lit king size\r\n                      (180&#215;200), d&rsquo;un tr\u00e8s grand placard et d&rsquo;une climatisation individuelle.<\/p>\r\n                    <p>Sa salle d&rsquo;eau privative dispose d&rsquo;une douche \u00e0 l&rsquo;italienne et de WC s\u00e9par\u00e9s.<\/p>\r\n                  <\/div>\r\n                <\/div>\r\n              <\/div>\r\n            <\/div>\r\n          <\/div>\r\n          <div class=\"h-column h-column-container d-flex h-col-lg-auto h-col-md-auto h-col-auto style-655-outer style-local-474-c24-outer\">\r\n            <div data-colibri-id=\"474-c24\" class=\"d-flex h-flex-basis h-column__inner h-px-lg-2 h-px-md-2 h-px-2 v-inner-lg-2 v-inner-md-2 v-inner-2 style-655 style-local-474-c24 position-relative\">\r\n              <!---->\r\n              <!---->\r\n              <div class=\"w-100 h-y-container h-column__content h-column__v-align flex-basis-100 align-self-lg-start align-self-md-start align-self-start\">\r\n                <!---->\r\n                <div data-colibri-id=\"474-c25\" class=\"d-block style-672 style-local-474-c25 position-relative h-element\">\r\n                  <!---->\r\n                  <div class=\"h-image__frame-container-outer\">\r\n                    <div class=\"h-image__frame-container\">\r\n                      <!---->\r\n                      <!---->\r\n                      <img loading=\"lazy\" decoding=\"async\" width=\"1920\" height=\"2295\" src=\"http:\/\/giardinu-di-gnaccare.com\/wp-content\/uploads\/2020\/09\/cropped-Im-05-scaled-e1599981970733.jpg\" class=\"wp-image-677 style-672-image style-local-474-c25-image\" alt=\"\" srcset=\"https:\/\/giardinu-di-gnaccare.com\/wp-content\/uploads\/2020\/09\/cropped-Im-05-scaled-e1599981970733.jpg 1920w, https:\/\/giardinu-di-gnaccare.com\/wp-content\/uploads\/2020\/09\/cropped-Im-05-scaled-e1599981970733-251x300.jpg 251w, https:\/\/giardinu-di-gnaccare.com\/wp-content\/uploads\/2020\/09\/cropped-Im-05-scaled-e1599981970733-857x1024.jpg 857w, https:\/\/giardinu-di-gnaccare.com\/wp-content\/uploads\/2020\/09\/cropped-Im-05-scaled-e1599981970733-768x918.jpg 768w, https:\/\/giardinu-di-gnaccare.com\/wp-content\/uploads\/2020\/09\/cropped-Im-05-scaled-e1599981970733-1285x1536.jpg 1285w, https:\/\/giardinu-di-gnaccare.com\/wp-content\/uploads\/2020\/09\/cropped-Im-05-scaled-e1599981970733-1713x2048.jpg 1713w\" sizes=\"auto, (max-width: 1920px) 100vw, 1920px\" \/>\r\n                      <div class=\"h-image__frame h-hide-lg h-hide-md h-hide-sm style-672-frameImage style-local-474-c25-frameImage\"><\/div>\r\n                    <\/div>\r\n                  <\/div>\r\n                <\/div>\r\n              <\/div>\r\n            <\/div>\r\n          <\/div>\r\n        <\/div>\r\n      <\/div>\r\n      <div data-colibri-id=\"474-c3\" class=\"h-row-container gutters-row-lg-2 gutters-row-md-2 gutters-row-0 gutters-row-v-lg-2 gutters-row-v-md-2 gutters-row-v-2 style-657 style-local-474-c3 position-relative\">\r\n        <!---->\r\n        <div class=\"h-row justify-content-lg-center justify-content-md-center justify-content-center align-items-lg-stretch align-items-md-stretch align-items-stretch gutters-col-lg-2 gutters-col-md-2 gutters-col-0 gutters-col-v-lg-2 gutters-col-v-md-2 gutters-col-v-2\">\r\n          <!---->\r\n          <div class=\"h-column h-column-container d-flex h-col-lg-auto h-col-md-auto h-col-auto style-658-outer style-local-474-c4-outer\">\r\n            <div data-colibri-id=\"474-c4\" class=\"d-flex h-flex-basis h-column__inner h-px-lg-2 h-px-md-2 h-px-2 v-inner-lg-2 v-inner-md-2 v-inner-2 style-658 style-local-474-c4 position-relative\">\r\n              <!---->\r\n              <!---->\r\n              <div class=\"w-100 h-y-container h-column__content h-column__v-align flex-basis-100 align-self-lg-start align-self-md-start align-self-start\">\r\n                <!---->\r\n                <div data-colibri-id=\"474-c5\" class=\"d-block style-651 style-local-474-c5 position-relative h-element\">\r\n                  <!---->\r\n                  <div class=\"h-image__frame-container-outer\">\r\n                    <div class=\"h-image__frame-container\">\r\n                      <!---->\r\n                      <!---->\r\n                      <img loading=\"lazy\" decoding=\"async\" width=\"1920\" height=\"2560\" src=\"http:\/\/giardinu-di-gnaccare.com\/wp-content\/uploads\/2020\/09\/im-03-scaled-e1599981992886.jpg\" class=\"wp-image-536 style-651-image style-local-474-c5-image\" alt=\"\" srcset=\"https:\/\/giardinu-di-gnaccare.com\/wp-content\/uploads\/2020\/09\/im-03-scaled-e1599981992886.jpg 1920w, https:\/\/giardinu-di-gnaccare.com\/wp-content\/uploads\/2020\/09\/im-03-scaled-e1599981992886-225x300.jpg 225w, https:\/\/giardinu-di-gnaccare.com\/wp-content\/uploads\/2020\/09\/im-03-scaled-e1599981992886-768x1024.jpg 768w, https:\/\/giardinu-di-gnaccare.com\/wp-content\/uploads\/2020\/09\/im-03-scaled-e1599981992886-1152x1536.jpg 1152w, https:\/\/giardinu-di-gnaccare.com\/wp-content\/uploads\/2020\/09\/im-03-scaled-e1599981992886-1536x2048.jpg 1536w\" sizes=\"auto, (max-width: 1920px) 100vw, 1920px\" \/>\r\n                      <div class=\"h-image__frame h-hide-lg h-hide-md h-hide-sm style-651-frameImage style-local-474-c5-frameImage\"><\/div>\r\n                    <\/div>\r\n                  <\/div>\r\n                <\/div>\r\n              <\/div>\r\n            <\/div>\r\n          <\/div>\r\n        <\/div>\r\n      <\/div>\r\n      <div data-colibri-id=\"474-c6\" class=\"h-row-container gutters-row-lg-2 gutters-row-md-2 gutters-row-0 gutters-row-v-lg-2 gutters-row-v-md-2 gutters-row-v-2 style-662 style-local-474-c6 position-relative\">\r\n        <!---->\r\n        <div class=\"h-row justify-content-lg-center justify-content-md-center justify-content-center align-items-lg-stretch align-items-md-stretch align-items-stretch gutters-col-lg-2 gutters-col-md-2 gutters-col-0 gutters-col-v-lg-2 gutters-col-v-md-2 gutters-col-v-2\">\r\n          <!---->\r\n          <div class=\"h-column h-column-container d-flex h-col-lg-auto h-col-md-auto h-col-auto style-663-outer style-local-474-c7-outer\">\r\n            <div data-colibri-id=\"474-c7\" class=\"d-flex h-flex-basis h-column__inner h-px-lg-2 h-px-md-2 h-px-2 v-inner-lg-2 v-inner-md-2 v-inner-2 style-663 style-local-474-c7 position-relative\">\r\n              <!---->\r\n              <!---->\r\n              <div class=\"w-100 h-y-container h-column__content h-column__v-align flex-basis-100 align-self-lg-start align-self-md-start align-self-start\">\r\n                <!---->\r\n                <div data-colibri-id=\"474-c8\" class=\"d-block style-664 style-local-474-c8 position-relative h-element\">\r\n                  <!---->\r\n                  <div class=\"h-image__frame-container-outer\">\r\n                    <div class=\"h-image__frame-container\">\r\n                      <!---->\r\n                      <!---->\r\n                      <img loading=\"lazy\" decoding=\"async\" width=\"1280\" height=\"960\" src=\"http:\/\/giardinu-di-gnaccare.com\/wp-content\/uploads\/2020\/09\/photo_2020-08-25_18-27-08.jpg\" class=\"wp-image-533 style-664-image style-local-474-c8-image\" alt=\"\" srcset=\"https:\/\/giardinu-di-gnaccare.com\/wp-content\/uploads\/2020\/09\/photo_2020-08-25_18-27-08.jpg 1280w, https:\/\/giardinu-di-gnaccare.com\/wp-content\/uploads\/2020\/09\/photo_2020-08-25_18-27-08-300x225.jpg 300w, https:\/\/giardinu-di-gnaccare.com\/wp-content\/uploads\/2020\/09\/photo_2020-08-25_18-27-08-1024x768.jpg 1024w, https:\/\/giardinu-di-gnaccare.com\/wp-content\/uploads\/2020\/09\/photo_2020-08-25_18-27-08-768x576.jpg 768w\" sizes=\"auto, (max-width: 1280px) 100vw, 1280px\" \/>\r\n                      <div class=\"h-image__frame h-hide-lg h-hide-md h-hide-sm style-664-frameImage style-local-474-c8-frameImage\"><\/div>\r\n                    <\/div>\r\n                  <\/div>\r\n                <\/div>\r\n              <\/div>\r\n            <\/div>\r\n          <\/div>\r\n        <\/div>\r\n      <\/div>\r\n      <div data-colibri-id=\"474-c9\" class=\"h-row-container gutters-row-lg-2 gutters-row-md-2 gutters-row-0 gutters-row-v-lg-2 gutters-row-v-md-2 gutters-row-v-2 style-659 style-local-474-c9 position-relative\">\r\n        <!---->\r\n        <div class=\"h-row justify-content-lg-center justify-content-md-center justify-content-center align-items-lg-stretch align-items-md-stretch align-items-stretch gutters-col-lg-2 gutters-col-md-2 gutters-col-0 gutters-col-v-lg-2 gutters-col-v-md-2 gutters-col-v-2\">\r\n          <!---->\r\n          <div class=\"h-column h-column-container d-flex h-col-lg-auto h-col-md-auto h-col-auto style-660-outer style-local-474-c10-outer\">\r\n            <div data-colibri-id=\"474-c10\" class=\"d-flex h-flex-basis h-column__inner h-px-lg-2 h-px-md-2 h-px-2 v-inner-lg-2 v-inner-md-2 v-inner-2 style-660 style-local-474-c10 position-relative\">\r\n              <!---->\r\n              <!---->\r\n              <div class=\"w-100 h-y-container h-column__content h-column__v-align flex-basis-100 align-self-lg-start align-self-md-start align-self-start\">\r\n                <!---->\r\n                <div data-colibri-id=\"474-c11\" class=\"d-block style-661 style-local-474-c11 position-relative h-element\">\r\n                  <!---->\r\n                  <div class=\"h-image__frame-container-outer\">\r\n                    <div class=\"h-image__frame-container\">\r\n                      <!---->\r\n                      <!---->\r\n                      <img loading=\"lazy\" decoding=\"async\" width=\"1920\" height=\"2560\" src=\"http:\/\/giardinu-di-gnaccare.com\/wp-content\/uploads\/2020\/09\/Im-06-scaled-e1599981938970.jpg\" class=\"wp-image-540 style-661-image style-local-474-c11-image\" alt=\"\" srcset=\"https:\/\/giardinu-di-gnaccare.com\/wp-content\/uploads\/2020\/09\/Im-06-scaled-e1599981938970.jpg 1920w, https:\/\/giardinu-di-gnaccare.com\/wp-content\/uploads\/2020\/09\/Im-06-scaled-e1599981938970-225x300.jpg 225w, https:\/\/giardinu-di-gnaccare.com\/wp-content\/uploads\/2020\/09\/Im-06-scaled-e1599981938970-768x1024.jpg 768w, https:\/\/giardinu-di-gnaccare.com\/wp-content\/uploads\/2020\/09\/Im-06-scaled-e1599981938970-1152x1536.jpg 1152w, https:\/\/giardinu-di-gnaccare.com\/wp-content\/uploads\/2020\/09\/Im-06-scaled-e1599981938970-1536x2048.jpg 1536w\" sizes=\"auto, (max-width: 1920px) 100vw, 1920px\" \/>\r\n                      <div class=\"h-image__frame h-hide-lg h-hide-md h-hide-sm style-661-frameImage style-local-474-c11-frameImage\"><\/div>\r\n                    <\/div>\r\n                  <\/div>\r\n                <\/div>\r\n              <\/div>\r\n            <\/div>\r\n          <\/div>\r\n        <\/div>\r\n      <\/div>\r\n      <div data-colibri-id=\"474-c12\" class=\"h-row-container gutters-row-lg-2 gutters-row-md-2 gutters-row-0 gutters-row-v-lg-2 gutters-row-v-md-2 gutters-row-v-2 style-653 style-local-474-c12 position-relative\">\r\n        <!---->\r\n        <div class=\"h-row justify-content-lg-center justify-content-md-center justify-content-center align-items-lg-stretch align-items-md-stretch align-items-stretch gutters-col-lg-2 gutters-col-md-2 gutters-col-0 gutters-col-v-lg-2 gutters-col-v-md-2 gutters-col-v-2\">\r\n          <!---->\r\n          <div class=\"h-column h-column-container d-flex h-col-lg-auto h-col-md-auto h-col-auto style-654-outer style-local-474-c13-outer\">\r\n            <div data-colibri-id=\"474-c13\" class=\"d-flex h-flex-basis h-column__inner h-px-lg-2 h-px-md-2 h-px-2 v-inner-lg-2 v-inner-md-2 v-inner-2 style-654 style-local-474-c13 position-relative\">\r\n              <!---->\r\n              <!---->\r\n              <div class=\"w-100 h-y-container h-column__content h-column__v-align flex-basis-100 align-self-lg-start align-self-md-start align-self-start\">\r\n                <!---->\r\n                <div data-colibri-id=\"474-c14\" class=\"d-block style-665 style-local-474-c14 position-relative h-element\">\r\n                  <!---->\r\n                  <div class=\"h-image__frame-container-outer\">\r\n                    <div class=\"h-image__frame-container\">\r\n                      <!---->\r\n                      <!---->\r\n                      <img loading=\"lazy\" decoding=\"async\" width=\"1920\" height=\"2560\" src=\"http:\/\/giardinu-di-gnaccare.com\/wp-content\/uploads\/2020\/09\/im-01-scaled-e1599981918459.jpg\" class=\"wp-image-539 style-665-image style-local-474-c14-image\" alt=\"\" srcset=\"https:\/\/giardinu-di-gnaccare.com\/wp-content\/uploads\/2020\/09\/im-01-scaled-e1599981918459.jpg 1920w, https:\/\/giardinu-di-gnaccare.com\/wp-content\/uploads\/2020\/09\/im-01-scaled-e1599981918459-225x300.jpg 225w, https:\/\/giardinu-di-gnaccare.com\/wp-content\/uploads\/2020\/09\/im-01-scaled-e1599981918459-768x1024.jpg 768w, https:\/\/giardinu-di-gnaccare.com\/wp-content\/uploads\/2020\/09\/im-01-scaled-e1599981918459-1152x1536.jpg 1152w, https:\/\/giardinu-di-gnaccare.com\/wp-content\/uploads\/2020\/09\/im-01-scaled-e1599981918459-1536x2048.jpg 1536w\" sizes=\"auto, (max-width: 1920px) 100vw, 1920px\" \/>\r\n                      <div class=\"h-image__frame h-hide-lg h-hide-md h-hide-sm style-665-frameImage style-local-474-c14-frameImage\"><\/div>\r\n                    <\/div>\r\n                  <\/div>\r\n                <\/div>\r\n              <\/div>\r\n            <\/div>\r\n          <\/div>\r\n          <div class=\"h-column h-column-container d-flex h-col-lg-auto h-col-md-auto h-col-auto style-656-outer style-local-474-c15-outer\">\r\n            <div data-colibri-id=\"474-c15\" class=\"d-flex h-flex-basis h-column__inner h-px-lg-2 h-px-md-2 h-px-2 v-inner-lg-2 v-inner-md-2 v-inner-2 style-656 style-local-474-c15 position-relative\">\r\n              <!---->\r\n              <!---->\r\n              <div class=\"w-100 h-y-container h-column__content h-column__v-align flex-basis-100 align-self-lg-start align-self-md-start align-self-start\">\r\n                <!---->\r\n                <div data-colibri-id=\"474-c16\" class=\"d-block style-666 style-local-474-c16 position-relative h-element\">\r\n                  <!---->\r\n                  <div class=\"h-image__frame-container-outer\">\r\n                    <div class=\"h-image__frame-container\">\r\n                      <!---->\r\n                      <!---->\r\n                      <img loading=\"lazy\" decoding=\"async\" width=\"1920\" height=\"2560\" src=\"http:\/\/giardinu-di-gnaccare.com\/wp-content\/uploads\/2020\/09\/Im-04-scaled-e1599981958705.jpg\" class=\"wp-image-538 style-666-image style-local-474-c16-image\" alt=\"\" srcset=\"https:\/\/giardinu-di-gnaccare.com\/wp-content\/uploads\/2020\/09\/Im-04-scaled-e1599981958705.jpg 1920w, https:\/\/giardinu-di-gnaccare.com\/wp-content\/uploads\/2020\/09\/Im-04-scaled-e1599981958705-225x300.jpg 225w, https:\/\/giardinu-di-gnaccare.com\/wp-content\/uploads\/2020\/09\/Im-04-scaled-e1599981958705-768x1024.jpg 768w, https:\/\/giardinu-di-gnaccare.com\/wp-content\/uploads\/2020\/09\/Im-04-scaled-e1599981958705-1152x1536.jpg 1152w, https:\/\/giardinu-di-gnaccare.com\/wp-content\/uploads\/2020\/09\/Im-04-scaled-e1599981958705-1536x2048.jpg 1536w\" sizes=\"auto, (max-width: 1920px) 100vw, 1920px\" \/>\r\n                      <div class=\"h-image__frame h-hide-lg h-hide-md h-hide-sm style-666-frameImage style-local-474-c16-frameImage\"><\/div>\r\n                    <\/div>\r\n                  <\/div>\r\n                <\/div>\r\n              <\/div>\r\n            <\/div>\r\n          <\/div>\r\n        <\/div>\r\n      <\/div>\r\n      <div data-colibri-id=\"474-c17\" class=\"h-row-container gutters-row-lg-2 gutters-row-md-2 gutters-row-0 gutters-row-v-lg-2 gutters-row-v-md-2 gutters-row-v-2 style-670 style-local-474-c17 position-relative\">\r\n        <!---->\r\n        <div class=\"h-row justify-content-lg-center justify-content-md-center justify-content-center align-items-lg-stretch align-items-md-stretch align-items-stretch gutters-col-lg-2 gutters-col-md-2 gutters-col-0 gutters-col-v-lg-2 gutters-col-v-md-2 gutters-col-v-2\">\r\n          <!---->\r\n          <div class=\"h-column h-column-container d-flex h-col-lg-auto h-col-md-auto h-col-auto style-671-outer style-local-474-c18-outer\">\r\n            <div data-colibri-id=\"474-c18\" class=\"d-flex h-flex-basis h-column__inner h-px-lg-2 h-px-md-2 h-px-2 v-inner-lg-2 v-inner-md-2 v-inner-2 style-671 style-local-474-c18 position-relative\">\r\n              <!---->\r\n              <!---->\r\n              <div class=\"w-100 h-y-container h-column__content h-column__v-align flex-basis-100 align-self-lg-start align-self-md-start align-self-start\">\r\n                <!---->\r\n                <div data-colibri-id=\"474-c32\" class=\"d-block style-745 style-local-474-c32 position-relative h-element\">\r\n                  <!---->\r\n                  <div class=\"h-image__frame-container-outer\">\r\n                    <div class=\"h-image__frame-container\">\r\n                      <!---->\r\n                      <!---->\r\n                      <img loading=\"lazy\" decoding=\"async\" width=\"1280\" height=\"598\" src=\"https:\/\/giardinu-di-gnaccare.com\/wp-content\/uploads\/2023\/06\/photo_2023-06-11_07-34-21-5.jpg\" class=\"wp-image-1081 style-745-image style-local-474-c32-image\" alt=\"\" srcset=\"https:\/\/giardinu-di-gnaccare.com\/wp-content\/uploads\/2023\/06\/photo_2023-06-11_07-34-21-5.jpg 1280w, https:\/\/giardinu-di-gnaccare.com\/wp-content\/uploads\/2023\/06\/photo_2023-06-11_07-34-21-5-300x140.jpg 300w, https:\/\/giardinu-di-gnaccare.com\/wp-content\/uploads\/2023\/06\/photo_2023-06-11_07-34-21-5-1024x478.jpg 1024w, https:\/\/giardinu-di-gnaccare.com\/wp-content\/uploads\/2023\/06\/photo_2023-06-11_07-34-21-5-768x359.jpg 768w, https:\/\/giardinu-di-gnaccare.com\/wp-content\/uploads\/2023\/06\/photo_2023-06-11_07-34-21-5-18x8.jpg 18w\" sizes=\"auto, (max-width: 1280px) 100vw, 1280px\" \/>\r\n                      <div class=\"h-image__frame h-hide-lg h-hide-md h-hide-sm style-745-frameImage style-local-474-c32-frameImage\"><\/div>\r\n                    <\/div>\r\n                  <\/div>\r\n                <\/div>\r\n              <\/div>\r\n            <\/div>\r\n          <\/div>\r\n        <\/div>\r\n      <\/div>\r\n    <\/div>\r\n  <\/div>\r\n  <div data-colibri-component=\"section\" data-colibri-id=\"474-c26\" id=\"custom\" class=\"h-section h-section-global-spacing d-flex align-items-lg-center align-items-md-center align-items-center style-552 style-local-474-c26 position-relative\">\r\n    <!---->\r\n    <!---->\r\n    <div class=\"h-section-grid-container h-section-boxed-container\">\r\n      <!---->\r\n      <div data-colibri-id=\"474-c27\" class=\"h-row-container gutters-row-lg-2 gutters-row-md-2 gutters-row-0 gutters-row-v-lg-2 gutters-row-v-md-2 gutters-row-v-2 style-553 style-local-474-c27 position-relative\">\r\n        <!---->\r\n        <div class=\"h-row justify-content-lg-center justify-content-md-center justify-content-center align-items-lg-stretch align-items-md-stretch align-items-stretch gutters-col-lg-2 gutters-col-md-2 gutters-col-0 gutters-col-v-lg-2 gutters-col-v-md-2 gutters-col-v-2\">\r\n          <!---->\r\n          <div class=\"h-column h-column-container d-flex h-col-lg-auto h-col-md-auto h-col-auto style-554-outer style-local-474-c28-outer\">\r\n            <div data-colibri-id=\"474-c28\" class=\"d-flex h-flex-basis h-column__inner h-px-lg-2 h-px-md-2 h-px-2 v-inner-lg-2 v-inner-md-2 v-inner-2 style-554 style-local-474-c28 position-relative\">\r\n              <!---->\r\n              <!---->\r\n              <div class=\"w-100 h-y-container h-column__content h-column__v-align flex-basis-100 align-self-lg-start align-self-md-start align-self-start\">\r\n                <!---->\r\n                <div data-colibri-id=\"474-c29\" class=\"h-x-container style-577 style-local-474-c29 position-relative h-element\">\r\n                  <!---->\r\n                  <div class=\"h-x-container-inner style-dynamic-474-c29-group style-577-spacing style-local-474-c29-spacing\"><span class=\"h-button__outer style-578-outer style-local-474-c30-outer d-inline-flex h-element\"><a h-use-smooth-scroll=\"true\" href=\"http:\/\/giardinu-di-gnaccare.com\/index.php\/les-tarifs\/\"  data-colibri-id=\"474-c30\" class=\"d-flex w-100 align-items-center h-button justify-content-lg-center justify-content-md-center justify-content-center style-578 style-local-474-c30 position-relative\"><!----><!----> <span>Consulter les tarifs<\/span><\/a>\r\n                    <\/span>\r\n                  <\/div>\r\n                <\/div>\r\n              <\/div>\r\n            <\/div>\r\n          <\/div>\r\n        <\/div>\r\n      <\/div>\r\n    <\/div>\r\n  <\/div>\r\n<\/div>","protected":false},"excerpt":{"rendered":"<p>Suite Giardinu Une grande suite au rez-de-chauss\u00e9e, tr\u00e8s haute de plafond, donnant d&rsquo;une part dans le s\u00e9jour et d&rsquo;autre part sur une terrasse privative vue mer, orient\u00e9e nord-est et dot\u00e9e d&rsquo;un salon de jardin. Elle est \u00e9quip\u00e9e d&rsquo;un lit king size (180&#215;200), d&rsquo;un tr\u00e8s grand placard et d&rsquo;une climatisation individuelle. Sa salle d&rsquo;eau privative dispose [&hellip;]<\/p>\n","protected":false},"author":1,"featured_media":0,"parent":0,"menu_order":0,"comment_status":"closed","ping_status":"closed","template":"page-templates\/full-width-page.php","meta":{"footnotes":""},"class_list":["post-474","page","type-page","status-publish","hentry"],"_links":{"self":[{"href":"https:\/\/giardinu-di-gnaccare.com\/en\/wp-json\/wp\/v2\/pages\/474","targetHints":{"allow":["GET"]}}],"collection":[{"href":"https:\/\/giardinu-di-gnaccare.com\/en\/wp-json\/wp\/v2\/pages"}],"about":[{"href":"https:\/\/giardinu-di-gnaccare.com\/en\/wp-json\/wp\/v2\/types\/page"}],"author":[{"embeddable":true,"href":"https:\/\/giardinu-di-gnaccare.com\/en\/wp-json\/wp\/v2\/users\/1"}],"replies":[{"embeddable":true,"href":"https:\/\/giardinu-di-gnaccare.com\/en\/wp-json\/wp\/v2\/comments?post=474"}],"version-history":[{"count":14,"href":"https:\/\/giardinu-di-gnaccare.com\/en\/wp-json\/wp\/v2\/pages\/474\/revisions"}],"predecessor-version":[{"id":1084,"href":"https:\/\/giardinu-di-gnaccare.com\/en\/wp-json\/wp\/v2\/pages\/474\/revisions\/1084"}],"wp:attachment":[{"href":"https:\/\/giardinu-di-gnaccare.com\/en\/wp-json\/wp\/v2\/media?parent=474"}],"curies":[{"name":"wp","href":"https:\/\/api.w.org\/{rel}","templated":true}]}}