{"id":7,"date":"2020-06-22T20:50:27","date_gmt":"2020-06-22T18:50:27","guid":{"rendered":"http:\/\/giardinu-di-gnaccare.com\/index.php\/colibri-wp\/"},"modified":"2024-10-06T18:33:20","modified_gmt":"2024-10-06T16:33:20","slug":"colibri-wp","status":"publish","type":"page","link":"https:\/\/giardinu-di-gnaccare.com\/en\/","title":{"rendered":"Front Page"},"content":{"rendered":"<div data-colibri-id=\"7-c1\" class=\"style-686 style-local-7-c1 position-relative\">\r\n  <!---->\r\n  <div data-colibri-component=\"section\" data-colibri-id=\"7-c2\" id=\"overlappable\" class=\"h-section h-section-global-spacing d-flex align-items-lg-center align-items-md-center align-items-center style-687 style-local-7-c2 position-relative\">\r\n    <!---->\r\n    <!---->\r\n    <div class=\"h-section-grid-container h-section-boxed-container\">\r\n      <!---->\r\n      <div data-colibri-id=\"7-c3\" class=\"h-row-container gutters-row-lg-2 gutters-row-md-2 gutters-row-0 gutters-row-v-lg-2 gutters-row-v-md-2 gutters-row-v-2 style-695 style-local-7-c3 position-relative\">\r\n        <!---->\r\n        <div class=\"h-row justify-content-lg-center justify-content-md-center justify-content-center align-items-lg-stretch align-items-md-stretch align-items-stretch gutters-col-lg-2 gutters-col-md-2 gutters-col-0 gutters-col-v-lg-2 gutters-col-v-md-2 gutters-col-v-2\">\r\n          <!---->\r\n          <div class=\"h-column h-column-container d-flex h-col-lg-auto h-col-md-auto h-col-auto style-696-outer style-local-7-c4-outer\">\r\n            <div data-colibri-id=\"7-c4\" class=\"d-flex h-flex-basis h-column__inner h-px-lg-2 h-px-md-2 h-px-2 v-inner-lg-2 v-inner-md-2 v-inner-2 style-696 style-local-7-c4 position-relative\">\r\n              <!---->\r\n              <!---->\r\n              <div class=\"w-100 h-y-container h-column__content h-column__v-align flex-basis-100 align-self-lg-start align-self-md-start align-self-start\">\r\n                <!---->\r\n                <div data-colibri-id=\"7-c5\" class=\"h-text h-text-component style-701 style-local-7-c5 position-relative h-element\">\r\n                  <!---->\r\n                  <!---->\r\n                  <div class=\"\">\r\n                    <p>\r\n                      <br>\r\n                    <\/p>\r\n                    <p>\r\n                      <br>\r\n                    <\/p>\r\n                    <p>Une maison de famille, construite dans les ann\u00e9es 70, en pierre, enti\u00e8rement r\u00e9nov\u00e9e, qui accueille quelques invit\u00e9s en chambres d&rsquo;h\u00f4tes pendant les vacances scolaires et quelques longs week-ends de printemps.<\/p>\r\n                  <\/div>\r\n                <\/div>\r\n              <\/div>\r\n            <\/div>\r\n          <\/div>\r\n        <\/div>\r\n      <\/div>\r\n    <\/div>\r\n  <\/div>\r\n<\/div>","protected":false},"excerpt":{"rendered":"<p>Une maison de famille, construite dans les ann\u00e9es 70, en pierre, enti\u00e8rement r\u00e9nov\u00e9e, qui accueille quelques invit\u00e9s en chambres d&rsquo;h\u00f4tes pendant les vacances scolaires et quelques longs week-ends de printemps.<\/p>","protected":false},"author":1,"featured_media":5,"parent":0,"menu_order":0,"comment_status":"closed","ping_status":"closed","template":"page-templates\/homepage.php","meta":{"footnotes":""},"class_list":["post-7","page","type-page","status-publish","has-post-thumbnail","hentry"],"_links":{"self":[{"href":"https:\/\/giardinu-di-gnaccare.com\/en\/wp-json\/wp\/v2\/pages\/7","targetHints":{"allow":["GET"]}}],"collection":[{"href":"https:\/\/giardinu-di-gnaccare.com\/en\/wp-json\/wp\/v2\/pages"}],"about":[{"href":"https:\/\/giardinu-di-gnaccare.com\/en\/wp-json\/wp\/v2\/types\/page"}],"author":[{"embeddable":true,"href":"https:\/\/giardinu-di-gnaccare.com\/en\/wp-json\/wp\/v2\/users\/1"}],"replies":[{"embeddable":true,"href":"https:\/\/giardinu-di-gnaccare.com\/en\/wp-json\/wp\/v2\/comments?post=7"}],"version-history":[{"count":10,"href":"https:\/\/giardinu-di-gnaccare.com\/en\/wp-json\/wp\/v2\/pages\/7\/revisions"}],"predecessor-version":[{"id":1118,"href":"https:\/\/giardinu-di-gnaccare.com\/en\/wp-json\/wp\/v2\/pages\/7\/revisions\/1118"}],"wp:featuredmedia":[{"embeddable":true,"href":"https:\/\/giardinu-di-gnaccare.com\/en\/wp-json\/wp\/v2\/media\/5"}],"wp:attachment":[{"href":"https:\/\/giardinu-di-gnaccare.com\/en\/wp-json\/wp\/v2\/media?parent=7"}],"curies":[{"name":"wp","href":"https:\/\/api.w.org\/{rel}","templated":true}]}}