{"id":82,"date":"2020-06-22T21:05:35","date_gmt":"2020-06-22T19:05:35","guid":{"rendered":"http:\/\/giardinu-di-gnaccare.com\/?page_id=82"},"modified":"2023-06-11T22:21:21","modified_gmt":"2023-06-11T20:21:21","slug":"les-activites","status":"publish","type":"page","link":"https:\/\/giardinu-di-gnaccare.com\/en\/les-activites\/","title":{"rendered":"Les activit\u00e9s"},"content":{"rendered":"<figure class=\"wp-block-image size-large is-resized\"><img loading=\"lazy\" decoding=\"async\" src=\"https:\/\/giardinu-di-gnaccare.com\/wp-content\/uploads\/2023\/02\/dji_fly_20221007_124852_112_1665140907742_photo-1024x576.jpg\" alt=\"\" class=\"wp-image-872\" width=\"840\" height=\"472\" srcset=\"https:\/\/giardinu-di-gnaccare.com\/wp-content\/uploads\/2023\/02\/dji_fly_20221007_124852_112_1665140907742_photo-1024x576.jpg 1024w, https:\/\/giardinu-di-gnaccare.com\/wp-content\/uploads\/2023\/02\/dji_fly_20221007_124852_112_1665140907742_photo-300x169.jpg 300w, https:\/\/giardinu-di-gnaccare.com\/wp-content\/uploads\/2023\/02\/dji_fly_20221007_124852_112_1665140907742_photo-768x432.jpg 768w, https:\/\/giardinu-di-gnaccare.com\/wp-content\/uploads\/2023\/02\/dji_fly_20221007_124852_112_1665140907742_photo-1536x864.jpg 1536w, https:\/\/giardinu-di-gnaccare.com\/wp-content\/uploads\/2023\/02\/dji_fly_20221007_124852_112_1665140907742_photo-2048x1152.jpg 2048w, https:\/\/giardinu-di-gnaccare.com\/wp-content\/uploads\/2023\/02\/dji_fly_20221007_124852_112_1665140907742_photo-18x10.jpg 18w\" sizes=\"auto, (max-width: 840px) 100vw, 840px\" \/><figcaption class=\"wp-element-caption\">default<\/figcaption><\/figure>\n\n\n\n<h2 class=\"wp-block-heading\">La piscine<\/h2>\n\n\n\n<p>Une grande piscine \u00e0 d\u00e9bordement ouverte sur la mer avec une zone de d\u00e9tente et un spa int\u00e9gr\u00e9<\/p>\n\n\n\n<figure class=\"wp-block-gallery has-nested-images columns-default is-cropped wp-block-gallery-1 is-layout-flex wp-block-gallery-is-layout-flex\">\n<figure class=\"wp-block-image size-large\"><img loading=\"lazy\" decoding=\"async\" width=\"1024\" height=\"462\" data-id=\"1100\" src=\"https:\/\/giardinu-di-gnaccare.com\/wp-content\/uploads\/2023\/06\/photo_2023-06-11_07-36-54-16-1024x462.jpg\" alt=\"\" class=\"wp-image-1100\" srcset=\"https:\/\/giardinu-di-gnaccare.com\/wp-content\/uploads\/2023\/06\/photo_2023-06-11_07-36-54-16-1024x462.jpg 1024w, https:\/\/giardinu-di-gnaccare.com\/wp-content\/uploads\/2023\/06\/photo_2023-06-11_07-36-54-16-300x135.jpg 300w, https:\/\/giardinu-di-gnaccare.com\/wp-content\/uploads\/2023\/06\/photo_2023-06-11_07-36-54-16-768x346.jpg 768w, https:\/\/giardinu-di-gnaccare.com\/wp-content\/uploads\/2023\/06\/photo_2023-06-11_07-36-54-16-18x8.jpg 18w, https:\/\/giardinu-di-gnaccare.com\/wp-content\/uploads\/2023\/06\/photo_2023-06-11_07-36-54-16.jpg 1280w\" sizes=\"auto, (max-width: 1024px) 100vw, 1024px\" \/><\/figure>\n\n\n\n<figure class=\"wp-block-image size-large\"><img loading=\"lazy\" decoding=\"async\" width=\"1024\" height=\"462\" data-id=\"1099\" src=\"https:\/\/giardinu-di-gnaccare.com\/wp-content\/uploads\/2023\/06\/photo_2023-06-11_07-36-54-13-1024x462.jpg\" alt=\"\" class=\"wp-image-1099\" srcset=\"https:\/\/giardinu-di-gnaccare.com\/wp-content\/uploads\/2023\/06\/photo_2023-06-11_07-36-54-13-1024x462.jpg 1024w, https:\/\/giardinu-di-gnaccare.com\/wp-content\/uploads\/2023\/06\/photo_2023-06-11_07-36-54-13-300x135.jpg 300w, https:\/\/giardinu-di-gnaccare.com\/wp-content\/uploads\/2023\/06\/photo_2023-06-11_07-36-54-13-768x346.jpg 768w, https:\/\/giardinu-di-gnaccare.com\/wp-content\/uploads\/2023\/06\/photo_2023-06-11_07-36-54-13-18x8.jpg 18w, https:\/\/giardinu-di-gnaccare.com\/wp-content\/uploads\/2023\/06\/photo_2023-06-11_07-36-54-13.jpg 1280w\" sizes=\"auto, (max-width: 1024px) 100vw, 1024px\" \/><\/figure>\n\n\n\n<figure class=\"wp-block-image size-large\"><img loading=\"lazy\" decoding=\"async\" width=\"1024\" height=\"462\" data-id=\"1098\" src=\"https:\/\/giardinu-di-gnaccare.com\/wp-content\/uploads\/2023\/06\/photo_2023-06-11_07-36-54-12-1024x462.jpg\" alt=\"\" class=\"wp-image-1098\" srcset=\"https:\/\/giardinu-di-gnaccare.com\/wp-content\/uploads\/2023\/06\/photo_2023-06-11_07-36-54-12-1024x462.jpg 1024w, https:\/\/giardinu-di-gnaccare.com\/wp-content\/uploads\/2023\/06\/photo_2023-06-11_07-36-54-12-300x135.jpg 300w, https:\/\/giardinu-di-gnaccare.com\/wp-content\/uploads\/2023\/06\/photo_2023-06-11_07-36-54-12-768x346.jpg 768w, https:\/\/giardinu-di-gnaccare.com\/wp-content\/uploads\/2023\/06\/photo_2023-06-11_07-36-54-12-18x8.jpg 18w, https:\/\/giardinu-di-gnaccare.com\/wp-content\/uploads\/2023\/06\/photo_2023-06-11_07-36-54-12.jpg 1280w\" sizes=\"auto, (max-width: 1024px) 100vw, 1024px\" \/><\/figure>\n\n\n\n<figure class=\"wp-block-image size-large\"><img loading=\"lazy\" decoding=\"async\" width=\"1024\" height=\"462\" data-id=\"1097\" src=\"https:\/\/giardinu-di-gnaccare.com\/wp-content\/uploads\/2023\/06\/photo_2023-06-11_07-36-54-11-1024x462.jpg\" alt=\"\" class=\"wp-image-1097\" srcset=\"https:\/\/giardinu-di-gnaccare.com\/wp-content\/uploads\/2023\/06\/photo_2023-06-11_07-36-54-11-1024x462.jpg 1024w, https:\/\/giardinu-di-gnaccare.com\/wp-content\/uploads\/2023\/06\/photo_2023-06-11_07-36-54-11-300x135.jpg 300w, https:\/\/giardinu-di-gnaccare.com\/wp-content\/uploads\/2023\/06\/photo_2023-06-11_07-36-54-11-768x346.jpg 768w, https:\/\/giardinu-di-gnaccare.com\/wp-content\/uploads\/2023\/06\/photo_2023-06-11_07-36-54-11-18x8.jpg 18w, https:\/\/giardinu-di-gnaccare.com\/wp-content\/uploads\/2023\/06\/photo_2023-06-11_07-36-54-11.jpg 1280w\" sizes=\"auto, (max-width: 1024px) 100vw, 1024px\" \/><\/figure>\n\n\n\n<figure class=\"wp-block-image size-large\"><img loading=\"lazy\" decoding=\"async\" width=\"1024\" height=\"576\" data-id=\"1096\" src=\"https:\/\/giardinu-di-gnaccare.com\/wp-content\/uploads\/2023\/06\/photo_2023-06-11_07-36-53-16-1024x576.jpg\" alt=\"\" class=\"wp-image-1096\" srcset=\"https:\/\/giardinu-di-gnaccare.com\/wp-content\/uploads\/2023\/06\/photo_2023-06-11_07-36-53-16-1024x576.jpg 1024w, https:\/\/giardinu-di-gnaccare.com\/wp-content\/uploads\/2023\/06\/photo_2023-06-11_07-36-53-16-300x169.jpg 300w, https:\/\/giardinu-di-gnaccare.com\/wp-content\/uploads\/2023\/06\/photo_2023-06-11_07-36-53-16-768x432.jpg 768w, https:\/\/giardinu-di-gnaccare.com\/wp-content\/uploads\/2023\/06\/photo_2023-06-11_07-36-53-16-18x10.jpg 18w, https:\/\/giardinu-di-gnaccare.com\/wp-content\/uploads\/2023\/06\/photo_2023-06-11_07-36-53-16.jpg 1280w\" sizes=\"auto, (max-width: 1024px) 100vw, 1024px\" \/><\/figure>\n<\/figure>\n\n\n\n<p>Des transats, des coussins confortables au bord de la cuisine d&rsquo;\u00e9t\u00e9\/bar\/r\u00e9serve de serviettes.<\/p>\n\n\n\n<h2 class=\"wp-block-heading\">Les loisirs nautiques<\/h2>\n\n\n\n<figure class=\"wp-block-gallery has-nested-images columns-default is-cropped wp-block-gallery-2 is-layout-flex wp-block-gallery-is-layout-flex\">\n<figure class=\"wp-block-image size-large\"><img loading=\"lazy\" decoding=\"async\" width=\"1024\" height=\"576\" data-id=\"859\" src=\"https:\/\/giardinu-di-gnaccare.com\/wp-content\/uploads\/2023\/02\/dji_fly_20221007_125248_122_1665140678039_photo-1024x576.jpg\" alt=\"\" class=\"wp-image-859\" srcset=\"https:\/\/giardinu-di-gnaccare.com\/wp-content\/uploads\/2023\/02\/dji_fly_20221007_125248_122_1665140678039_photo-1024x576.jpg 1024w, https:\/\/giardinu-di-gnaccare.com\/wp-content\/uploads\/2023\/02\/dji_fly_20221007_125248_122_1665140678039_photo-300x169.jpg 300w, https:\/\/giardinu-di-gnaccare.com\/wp-content\/uploads\/2023\/02\/dji_fly_20221007_125248_122_1665140678039_photo-768x432.jpg 768w, https:\/\/giardinu-di-gnaccare.com\/wp-content\/uploads\/2023\/02\/dji_fly_20221007_125248_122_1665140678039_photo-1536x864.jpg 1536w, https:\/\/giardinu-di-gnaccare.com\/wp-content\/uploads\/2023\/02\/dji_fly_20221007_125248_122_1665140678039_photo-2048x1152.jpg 2048w, https:\/\/giardinu-di-gnaccare.com\/wp-content\/uploads\/2023\/02\/dji_fly_20221007_125248_122_1665140678039_photo-18x10.jpg 18w\" sizes=\"auto, (max-width: 1024px) 100vw, 1024px\" \/><figcaption class=\"wp-element-caption\">default<\/figcaption><\/figure>\n\n\n\n<figure class=\"wp-block-image size-large\"><img loading=\"lazy\" decoding=\"async\" width=\"1024\" height=\"461\" data-id=\"577\" src=\"https:\/\/giardinu-di-gnaccare.com\/wp-content\/uploads\/2020\/09\/20200812_133936-1024x461.jpg\" alt=\"\" class=\"wp-image-577\" srcset=\"https:\/\/giardinu-di-gnaccare.com\/wp-content\/uploads\/2020\/09\/20200812_133936-1024x461.jpg 1024w, https:\/\/giardinu-di-gnaccare.com\/wp-content\/uploads\/2020\/09\/20200812_133936-300x135.jpg 300w, https:\/\/giardinu-di-gnaccare.com\/wp-content\/uploads\/2020\/09\/20200812_133936-768x346.jpg 768w, https:\/\/giardinu-di-gnaccare.com\/wp-content\/uploads\/2020\/09\/20200812_133936-1536x692.jpg 1536w, https:\/\/giardinu-di-gnaccare.com\/wp-content\/uploads\/2020\/09\/20200812_133936-2048x922.jpg 2048w\" sizes=\"auto, (max-width: 1024px) 100vw, 1024px\" \/><\/figure>\n\n\n\n<figure class=\"wp-block-image size-large\"><img loading=\"lazy\" decoding=\"async\" width=\"1024\" height=\"462\" data-id=\"1102\" src=\"https:\/\/giardinu-di-gnaccare.com\/wp-content\/uploads\/2023\/06\/photo_2023-06-11_08-31-57-2-1-1024x462.jpg\" alt=\"\" class=\"wp-image-1102\" srcset=\"https:\/\/giardinu-di-gnaccare.com\/wp-content\/uploads\/2023\/06\/photo_2023-06-11_08-31-57-2-1-1024x462.jpg 1024w, https:\/\/giardinu-di-gnaccare.com\/wp-content\/uploads\/2023\/06\/photo_2023-06-11_08-31-57-2-1-300x135.jpg 300w, https:\/\/giardinu-di-gnaccare.com\/wp-content\/uploads\/2023\/06\/photo_2023-06-11_08-31-57-2-1-768x346.jpg 768w, https:\/\/giardinu-di-gnaccare.com\/wp-content\/uploads\/2023\/06\/photo_2023-06-11_08-31-57-2-1-18x8.jpg 18w, https:\/\/giardinu-di-gnaccare.com\/wp-content\/uploads\/2023\/06\/photo_2023-06-11_08-31-57-2-1.jpg 1280w\" sizes=\"auto, (max-width: 1024px) 100vw, 1024px\" \/><\/figure>\n<\/figure>\n\n\n\n<p>La mer au pied de la villa avec une plate-forme de mise \u00e0 l&rsquo;eau, des kayaks, un stand-up paddle, des \u00e9quipements de snorkeling pour une baignade \u00e0 toute heure.<\/p>\n\n\n\n<h2 class=\"wp-block-heading\">La p\u00e9tanque<\/h2>\n\n\n\n<figure class=\"wp-block-image size-large\"><img loading=\"lazy\" decoding=\"async\" width=\"768\" height=\"1024\" src=\"https:\/\/giardinu-di-gnaccare.com\/wp-content\/uploads\/2023\/06\/20220916_115031-768x1024.jpg\" alt=\"\" class=\"wp-image-1105\" srcset=\"https:\/\/giardinu-di-gnaccare.com\/wp-content\/uploads\/2023\/06\/20220916_115031-768x1024.jpg 768w, https:\/\/giardinu-di-gnaccare.com\/wp-content\/uploads\/2023\/06\/20220916_115031-225x300.jpg 225w, https:\/\/giardinu-di-gnaccare.com\/wp-content\/uploads\/2023\/06\/20220916_115031-1152x1536.jpg 1152w, https:\/\/giardinu-di-gnaccare.com\/wp-content\/uploads\/2023\/06\/20220916_115031-1536x2048.jpg 1536w, https:\/\/giardinu-di-gnaccare.com\/wp-content\/uploads\/2023\/06\/20220916_115031-9x12.jpg 9w, https:\/\/giardinu-di-gnaccare.com\/wp-content\/uploads\/2023\/06\/20220916_115031-scaled.jpg 1920w\" sizes=\"auto, (max-width: 768px) 100vw, 768px\" \/><\/figure>\n\n\n\n<p>Le terrain de p\u00e9tanque derri\u00e8re la piscine pour des parties en famille ou entre amis.<\/p>\n\n\n\n<h2 class=\"wp-block-heading\">Le jardin<\/h2>\n\n\n\n<figure class=\"wp-block-gallery has-nested-images columns-default is-cropped wp-block-gallery-3 is-layout-flex wp-block-gallery-is-layout-flex\">\n<figure class=\"wp-block-image size-large\"><img loading=\"lazy\" decoding=\"async\" width=\"1024\" height=\"576\" data-id=\"1104\" src=\"https:\/\/giardinu-di-gnaccare.com\/wp-content\/uploads\/2023\/06\/photo_2023-06-11_07-36-53-15-1024x576.jpg\" alt=\"\" class=\"wp-image-1104\" srcset=\"https:\/\/giardinu-di-gnaccare.com\/wp-content\/uploads\/2023\/06\/photo_2023-06-11_07-36-53-15-1024x576.jpg 1024w, https:\/\/giardinu-di-gnaccare.com\/wp-content\/uploads\/2023\/06\/photo_2023-06-11_07-36-53-15-300x169.jpg 300w, https:\/\/giardinu-di-gnaccare.com\/wp-content\/uploads\/2023\/06\/photo_2023-06-11_07-36-53-15-768x432.jpg 768w, https:\/\/giardinu-di-gnaccare.com\/wp-content\/uploads\/2023\/06\/photo_2023-06-11_07-36-53-15-18x10.jpg 18w, https:\/\/giardinu-di-gnaccare.com\/wp-content\/uploads\/2023\/06\/photo_2023-06-11_07-36-53-15.jpg 1280w\" sizes=\"auto, (max-width: 1024px) 100vw, 1024px\" \/><\/figure>\n<\/figure>\n\n\n\n<figure class=\"wp-block-gallery has-nested-images columns-default is-cropped wp-block-gallery-4 is-layout-flex wp-block-gallery-is-layout-flex\">\n<figure class=\"wp-block-image size-large\"><img loading=\"lazy\" decoding=\"async\" width=\"1024\" height=\"576\" data-id=\"1106\" src=\"https:\/\/giardinu-di-gnaccare.com\/wp-content\/uploads\/2023\/06\/Resized_20220907_113504-1024x576.jpeg\" alt=\"\" class=\"wp-image-1106\" srcset=\"https:\/\/giardinu-di-gnaccare.com\/wp-content\/uploads\/2023\/06\/Resized_20220907_113504-1024x576.jpeg 1024w, https:\/\/giardinu-di-gnaccare.com\/wp-content\/uploads\/2023\/06\/Resized_20220907_113504-300x169.jpeg 300w, https:\/\/giardinu-di-gnaccare.com\/wp-content\/uploads\/2023\/06\/Resized_20220907_113504-768x432.jpeg 768w, https:\/\/giardinu-di-gnaccare.com\/wp-content\/uploads\/2023\/06\/Resized_20220907_113504-18x10.jpeg 18w, https:\/\/giardinu-di-gnaccare.com\/wp-content\/uploads\/2023\/06\/Resized_20220907_113504.jpeg 1280w\" sizes=\"auto, (max-width: 1024px) 100vw, 1024px\" \/><\/figure>\n<\/figure>","protected":false},"excerpt":{"rendered":"<p>La piscine Une grande piscine \u00e0 d\u00e9bordement ouverte sur la mer avec une zone de d\u00e9tente et un spa int\u00e9gr\u00e9 Des transats, des coussins confortables au bord de la cuisine d&rsquo;\u00e9t\u00e9\/bar\/r\u00e9serve de serviettes. Les loisirs nautiques La mer au pied de la villa avec une plate-forme de mise \u00e0 l&rsquo;eau, des kayaks, un stand-up paddle, [&hellip;]<\/p>\n","protected":false},"author":1,"featured_media":872,"parent":0,"menu_order":0,"comment_status":"closed","ping_status":"closed","template":"","meta":{"footnotes":""},"class_list":["post-82","page","type-page","status-publish","has-post-thumbnail","hentry"],"_links":{"self":[{"href":"https:\/\/giardinu-di-gnaccare.com\/en\/wp-json\/wp\/v2\/pages\/82","targetHints":{"allow":["GET"]}}],"collection":[{"href":"https:\/\/giardinu-di-gnaccare.com\/en\/wp-json\/wp\/v2\/pages"}],"about":[{"href":"https:\/\/giardinu-di-gnaccare.com\/en\/wp-json\/wp\/v2\/types\/page"}],"author":[{"embeddable":true,"href":"https:\/\/giardinu-di-gnaccare.com\/en\/wp-json\/wp\/v2\/users\/1"}],"replies":[{"embeddable":true,"href":"https:\/\/giardinu-di-gnaccare.com\/en\/wp-json\/wp\/v2\/comments?post=82"}],"version-history":[{"count":0,"href":"https:\/\/giardinu-di-gnaccare.com\/en\/wp-json\/wp\/v2\/pages\/82\/revisions"}],"wp:featuredmedia":[{"embeddable":true,"href":"https:\/\/giardinu-di-gnaccare.com\/en\/wp-json\/wp\/v2\/media\/872"}],"wp:attachment":[{"href":"https:\/\/giardinu-di-gnaccare.com\/en\/wp-json\/wp\/v2\/media?parent=82"}],"curies":[{"name":"wp","href":"https:\/\/api.w.org\/{rel}","templated":true}]}}