{"id":83,"date":"2020-06-22T21:05:35","date_gmt":"2020-06-22T19:05:35","guid":{"rendered":"http:\/\/giardinu-di-gnaccare.com\/?page_id=83"},"modified":"2025-08-03T15:35:36","modified_gmt":"2025-08-03T13:35:36","slug":"les-tarifs","status":"publish","type":"page","link":"https:\/\/giardinu-di-gnaccare.com\/en\/les-tarifs\/","title":{"rendered":"Contact &amp; Price"},"content":{"rendered":"<div data-colibri-id=\"83-c1\" class=\"style-299 style-local-83-c1 position-relative\">\n  <!---->\n  <div data-colibri-component=\"section\" data-colibri-id=\"83-c2\" id=\"tarifs\" class=\"h-section h-section-global-spacing d-flex align-items-lg-center align-items-md-center align-items-center style-311 style-local-83-c2 position-relative\">\n    <!---->\n    <div class=\"h-separator\" style=\"height: 14px; top: 0px;\">\n      <svg style=\"fill:#f79007;\" xmlns=\"http:\/\/www.w3.org\/2000\/svg\" viewbox=\"0 0 1920 14.2\" preserveaspectratio=\"xMidYMax slice\">\n        <polygon points=\"40.2 0 61.1 14.2 82 0 102.9 14.2 123.8 0 144.7 14.2 165.6 0 186.5 14.2 207.4 0 228.3 14.2 249.2 0 270.1 14.2 291 0 311.9 14.2 332.8 0 353.8 14.2 374.7 0 395.6 14.2 416.5 0 437.4 14.2 458.3 0 479.2 14.2 500.1 0 521 14.2 541.9 0 562.8 14.2 583.7 0 604.6 14.2 625.5 0 646.4 14.2 667.3 0 688.2 14.2 709.1 0 730.1 14.2 750.9 0 771.9 14.2 792.8 0 813.7 14.2 834.6 0 855.5 14.2 876.4 0 897.3 14.2 918.2 0 939.1 14.2 960 0 980.9 14.2 1001.8 0 1022.7 14.2 1043.6 0 1064.5 14.2 1085.4 0 1106.3 14.2 1127.2 0 1148.1 14.2 1169.1 0 1190 14.2 1210.9 0 1231.8 14.2 1252.7 0 1273.6 14.2 1294.5 0 1315.4 14.2 1336.3 0 1357.2 14.2 1378.1 0 1399 14.2 1419.9 0 1440.8 14.2 1461.7 0 1482.6 14.2 1503.5 0 1524.4 14.2 1545.3 0 1566.2 14.2 1587.2 0 1608.1 14.2 1629 0 1649.9 14.2 1670.8 0 1691.7 14.2 1712.6 0 1733.5 14.2 1754.4 0 1775.3 14.2 1796.2 0 1817.1 14.2 1838 0 1858.9 14.2 1879.8 0 1900.7 14.2 1920 1.1 1920 0 0 0 0 1.1 19.3 14.2 40.2 0\"><\/polygon>\n      <\/svg>\n    <\/div>\n    <div class=\"h-separator\" style=\"height: 14px; bottom: 0px;\">\n      <svg style=\"fill:#f79007;transform:rotateX(180deg);\" xmlns=\"http:\/\/www.w3.org\/2000\/svg\" viewbox=\"0 0 1920 14.2\" preserveaspectratio=\"xMidYMax slice\">\n        <polygon points=\"40.2 0 61.1 14.2 82 0 102.9 14.2 123.8 0 144.7 14.2 165.6 0 186.5 14.2 207.4 0 228.3 14.2 249.2 0 270.1 14.2 291 0 311.9 14.2 332.8 0 353.8 14.2 374.7 0 395.6 14.2 416.5 0 437.4 14.2 458.3 0 479.2 14.2 500.1 0 521 14.2 541.9 0 562.8 14.2 583.7 0 604.6 14.2 625.5 0 646.4 14.2 667.3 0 688.2 14.2 709.1 0 730.1 14.2 750.9 0 771.9 14.2 792.8 0 813.7 14.2 834.6 0 855.5 14.2 876.4 0 897.3 14.2 918.2 0 939.1 14.2 960 0 980.9 14.2 1001.8 0 1022.7 14.2 1043.6 0 1064.5 14.2 1085.4 0 1106.3 14.2 1127.2 0 1148.1 14.2 1169.1 0 1190 14.2 1210.9 0 1231.8 14.2 1252.7 0 1273.6 14.2 1294.5 0 1315.4 14.2 1336.3 0 1357.2 14.2 1378.1 0 1399 14.2 1419.9 0 1440.8 14.2 1461.7 0 1482.6 14.2 1503.5 0 1524.4 14.2 1545.3 0 1566.2 14.2 1587.2 0 1608.1 14.2 1629 0 1649.9 14.2 1670.8 0 1691.7 14.2 1712.6 0 1733.5 14.2 1754.4 0 1775.3 14.2 1796.2 0 1817.1 14.2 1838 0 1858.9 14.2 1879.8 0 1900.7 14.2 1920 1.1 1920 0 0 0 0 1.1 19.3 14.2 40.2 0\"><\/polygon>\n      <\/svg>\n    <\/div>\n    <div class=\"h-section-grid-container h-section-boxed-container\">\n      <!---->\n      <div data-colibri-id=\"83-c3\" class=\"h-row-container gutters-row-lg-0 gutters-row-md-0 gutters-row-0 gutters-row-v-lg-0 gutters-row-v-md-0 gutters-row-v-0 style-312 style-local-83-c3 position-relative\">\n        <!---->\n        <div class=\"h-row justify-content-lg-center justify-content-md-center justify-content-center align-items-lg-stretch align-items-md-stretch align-items-stretch gutters-col-lg-0 gutters-col-md-0 gutters-col-0 gutters-col-v-lg-0 gutters-col-v-md-0 gutters-col-v-0\">\n          <!---->\n          <div class=\"h-column h-column-container d-flex h-col-lg-6 h-col-md-6 h-col-4 style-313-outer style-local-83-c4-outer\">\n            <div data-colibri-id=\"83-c4\" class=\"d-flex h-flex-basis h-column__inner h-px-lg-0 h-px-md-0 h-px-2 v-inner-lg-0 v-inner-md-0 v-inner-2 style-313 style-local-83-c4 position-relative\">\n              <!---->\n              <!---->\n              <div class=\"w-100 h-y-container h-column__content h-column__v-align flex-basis-100 align-self-lg-center align-self-md-center align-self-center\">\n                <!---->\n                <div data-colibri-id=\"83-c5\" class=\"h-text h-text-component style-341 style-local-83-c5 position-relative h-element\">\n                  <!---->\n                  <!---->\n                  <div class=\"\">\n                    <p>Tarifs 2025\n                      <br>\n                    <\/p>\n                  <\/div>\n                <\/div>\n              <\/div>\n            <\/div>\n          <\/div>\n          <div class=\"h-column h-column-container d-flex h-col-lg-6 h-col-md-6 h-col-4 style-313-outer style-local-83-c6-outer\">\n            <div data-colibri-id=\"83-c6\" class=\"d-flex h-flex-basis h-column__inner h-px-lg-0 h-px-md-0 h-px-2 v-inner-lg-0 v-inner-md-0 v-inner-2 style-313 style-local-83-c6 position-relative\">\n              <!---->\n              <!---->\n              <div class=\"w-100 h-y-container h-column__content h-column__v-align flex-basis-100 align-self-lg-center align-self-md-center align-self-center\">\n                <!---->\n                <div data-colibri-id=\"83-c7\" class=\"h-text h-text-component style-732 style-local-83-c7 position-relative h-element\">\n                  <!---->\n                  <!---->\n                  <div class=\"\">\n                    <p>Nuit\u00e9e<\/p>\n                  <\/div>\n                <\/div>\n              <\/div>\n            <\/div>\n          <\/div>\n          <div class=\"h-column h-column-container d-flex h-col-lg-6 h-col-md-6 h-col-4 style-313-outer style-local-83-c10-outer\">\n            <div data-colibri-id=\"83-c10\" class=\"d-flex h-flex-basis h-column__inner h-px-lg-0 h-px-md-0 h-px-2 v-inner-lg-0 v-inner-md-0 v-inner-2 style-313 style-local-83-c10 position-relative\">\n              <!---->\n              <!---->\n              <div class=\"w-100 h-y-container h-column__content h-column__v-align flex-basis-100 align-self-lg-center align-self-md-center align-self-center\">\n                <!---->\n                <div data-colibri-id=\"83-c11\" class=\"h-text h-text-component style-339 style-local-83-c11 position-relative h-element\">\n                  <!---->\n                  <!---->\n                  <div class=\"\">\n                    <p><span style=\"color: rgb(23, 37, 42); font-family: &quot;Open Sans&quot;; font-size: 16px; font-weight: 400;\">Suites (Giardinu, Soli, Azuru)<\/span><\/p>\n                  <\/div>\n                <\/div>\n              <\/div>\n            <\/div>\n          <\/div>\n          <div class=\"h-column h-column-container d-flex h-col-lg-6 h-col-md-6 h-col-4 style-335-outer style-local-83-c12-outer\">\n            <div data-colibri-id=\"83-c12\" class=\"d-flex h-flex-basis h-column__inner h-px-lg-0 h-px-md-0 h-px-0 v-inner-lg-0 v-inner-md-0 v-inner-0 style-335 style-local-83-c12 position-relative\">\n              <!---->\n              <!---->\n              <div class=\"w-100 h-y-container h-column__content h-column__v-align flex-basis-100 align-self-lg-start align-self-md-center align-self-center\">\n                <!---->\n                <div data-colibri-id=\"83-c13\" class=\"h-text h-text-component style-337 style-local-83-c13 position-relative h-element\">\n                  <!---->\n                  <!---->\n                  <div class=\"\">\n                    <p>280<\/p>\n                  <\/div>\n                <\/div>\n              <\/div>\n            <\/div>\n          <\/div>\n          <div class=\"h-column h-column-container d-flex h-col-lg-6 h-col-md-6 h-col-4 style-352-outer style-local-83-c16-outer\">\n            <div data-colibri-id=\"83-c16\" class=\"d-flex h-flex-basis h-column__inner h-px-lg-0 h-px-md-0 h-px-0 v-inner-lg-0 v-inner-md-0 v-inner-0 style-352 style-local-83-c16 position-relative\">\n              <!---->\n              <!---->\n              <div class=\"w-100 h-y-container h-column__content h-column__v-align flex-basis-100 align-self-lg-start align-self-md-start align-self-start\">\n                <!---->\n                <div data-colibri-id=\"83-c17\" class=\"h-text h-text-component style-353 style-local-83-c17 position-relative h-element\">\n                  <!---->\n                  <!---->\n                  <div class=\"\">\n                    <p>Chambre Curallu\n                      <br>\n                    <\/p>\n                  <\/div>\n                <\/div>\n              <\/div>\n            <\/div>\n          <\/div>\n          <div class=\"h-column h-column-container d-flex h-col-lg-6 h-col-md-6 h-col-4 style-357-outer style-local-83-c18-outer\">\n            <div data-colibri-id=\"83-c18\" class=\"d-flex h-flex-basis h-column__inner h-px-lg-0 h-px-md-0 h-px-0 v-inner-lg-0 v-inner-md-0 v-inner-0 style-357 style-local-83-c18 position-relative\">\n              <!---->\n              <!---->\n              <div class=\"w-100 h-y-container h-column__content h-column__v-align flex-basis-100 align-self-lg-start align-self-md-start align-self-start\">\n                <!---->\n                <div data-colibri-id=\"83-c19\" class=\"h-text h-text-component style-362 style-local-83-c19 position-relative h-element\">\n                  <!---->\n                  <!---->\n                  <div class=\"\">\n                    <p>250<\/p>\n                  <\/div>\n                <\/div>\n              <\/div>\n            <\/div>\n          <\/div>\n        <\/div>\n      <\/div>\n    <\/div>\n  <\/div>\n  <div data-colibri-component=\"section\" data-colibri-id=\"83-c32\" id=\"contact\" class=\"h-section h-section-global-spacing d-flex align-items-lg-center align-items-md-center align-items-center style-319 style-local-83-c32 position-relative\">\n    <div class=\"background-wrapper\">\n      <div class=\"background-layer background-layer-media-container-lg\">\n        <!---->\n        <div class=\"overlay-layer\">\n          <div class=\"overlay-image-layer\" style=\"background-color: rgb(23, 37, 42); opacity: 0.5;\"><\/div>\n        <\/div>\n      <\/div>\n      <div class=\"background-layer background-layer-media-container-md\">\n        <!---->\n        <div class=\"overlay-layer\">\n          <div class=\"overlay-image-layer\" style=\"background-color: rgb(23, 37, 42); opacity: 0.5;\"><\/div>\n        <\/div>\n      <\/div>\n      <div class=\"background-layer background-layer-media-container\">\n        <!---->\n        <div class=\"overlay-layer\">\n          <div class=\"overlay-image-layer\" style=\"background-color: rgb(23, 37, 42); opacity: 0.5;\"><\/div>\n        <\/div>\n      <\/div>\n    <\/div>\n    <!---->\n    <div class=\"h-section-grid-container h-section-boxed-container\">\n      <!---->\n      <div data-colibri-id=\"83-c33\" class=\"h-row-container gutters-row-lg-2 gutters-row-md-2 gutters-row-0 gutters-row-v-lg-2 gutters-row-v-md-2 gutters-row-v-2 style-793 style-local-83-c33 position-relative\">\n        <!---->\n        <div class=\"h-row justify-content-lg-center justify-content-md-center justify-content-center align-items-lg-stretch align-items-md-stretch align-items-stretch gutters-col-lg-2 gutters-col-md-2 gutters-col-0 gutters-col-v-lg-2 gutters-col-v-md-2 gutters-col-v-2\">\n          <!---->\n          <div class=\"h-column h-column-container d-flex h-col-lg-auto h-col-md-auto h-col-auto style-794-outer style-local-83-c34-outer\">\n            <div data-colibri-id=\"83-c34\" class=\"d-flex h-flex-basis h-column__inner h-px-lg-2 h-px-md-2 h-px-2 v-inner-lg-2 v-inner-md-2 v-inner-2 style-794 style-local-83-c34 position-relative\">\n              <!---->\n              <!---->\n              <div class=\"w-100 h-y-container h-column__content h-column__v-align flex-basis-100 align-self-lg-start align-self-md-start align-self-start\">\n                <!---->\n                <div data-colibri-id=\"83-c35\" class=\"h-text h-text-component style-795 style-local-83-c35 position-relative h-element\">\n                  <!---->\n                  <!---->\n                  <div class=\"\">\n                    <p>Ces tarifs incluent<\/p>\n                    <ul>\n                      <li>l&rsquo;acc\u00e8s \u00e0 la piscine et au sauna,<\/li>\n                      <li>l&rsquo;acc\u00e8s \u00e0 une salle de bain priv\u00e9e,<\/li>\n                      <li>la fourniture et le changement des draps et linge de toilette (serviettes, draps de bains, draps de piscine),<\/li>\n                      <li>le m\u00e9nage r\u00e9gulier,<\/li>\n                      <li>le petit d\u00e9jeuner servi dans la chambre, le salon, la terrasse commune, ou la terrasse priv\u00e9e pour les suites.<\/li>\n                    <\/ul>\n                    <p>\n                      <br>\n                    <\/p>\n                    <p>\n                      <br>\n                    <\/p>\n                  <\/div>\n                <\/div>\n              <\/div>\n            <\/div>\n          <\/div>\n        <\/div>\n      <\/div>\n      <div data-colibri-id=\"83-c36\" class=\"h-row-container gutters-row-lg-2 gutters-row-md-2 gutters-row-2 gutters-row-v-lg-2 gutters-row-v-md-2 gutters-row-v-2 style-320 style-local-83-c36 position-relative\">\n        <!---->\n        <div class=\"h-row justify-content-lg-center justify-content-md-center justify-content-center align-items-lg-stretch align-items-md-stretch align-items-stretch gutters-col-lg-2 gutters-col-md-2 gutters-col-2 gutters-col-v-lg-2 gutters-col-v-md-2 gutters-col-v-2\">\n          <!---->\n          <div class=\"h-column h-column-container d-flex h-col-lg-auto h-col-md-auto h-col-auto style-321-outer style-local-83-c37-outer\">\n            <div data-colibri-id=\"83-c37\" class=\"d-flex h-flex-basis h-column__inner h-px-lg-0 h-px-md-0 h-px-0 v-inner-lg-0 v-inner-md-0 v-inner-0 style-321 style-local-83-c37 position-relative\">\n              <!---->\n              <!---->\n              <div class=\"w-100 h-y-container h-column__content h-column__v-align flex-basis-100 align-self-lg-start align-self-md-start align-self-start\">\n                <!---->\n                <div data-colibri-id=\"83-c38\" class=\"h-row-container gutters-row-lg-0 gutters-row-md-0 gutters-row-0 gutters-row-v-lg-0 gutters-row-v-md-0 gutters-row-v-0 style-322 style-local-83-c38 position-relative\">\n                  <!---->\n                  <div class=\"h-row justify-content-lg-center justify-content-md-center justify-content-center align-items-lg-stretch align-items-md-stretch align-items-stretch gutters-col-lg-0 gutters-col-md-0 gutters-col-0 gutters-col-v-lg-0 gutters-col-v-md-0 gutters-col-v-0\">\n                    <!---->\n                    <div class=\"h-column h-column-container d-flex h-col-lg-auto h-col-md-auto h-col-auto style-323-outer style-local-83-c39-outer\">\n                      <div data-colibri-id=\"83-c39\" class=\"d-flex h-flex-basis h-column__inner h-px-lg-0 h-px-md-0 h-px-0 v-inner-lg-0 v-inner-md-0 v-inner-0 style-323 style-local-83-c39 position-relative\">\n                        <!---->\n                        <!---->\n                        <div class=\"w-100 h-y-container h-column__content h-column__v-align flex-basis-100 align-self-lg-center align-self-md-center align-self-center\">\n                          <!---->\n                          <div data-colibri-id=\"83-c40\" class=\"h-global-transition-all h-heading style-324 style-local-83-c40 position-relative h-element\">\n                            <!---->\n                            <div class=\"h-heading__outer style-324 style-local-83-c40\">\n                              <!---->\n                              <!---->\n                              <h4 class=\"\">contact information<\/h4>\n                            <\/div>\n                          <\/div>\n                        <\/div>\n                      <\/div>\n                    <\/div>\n                    <div class=\"h-column h-column-container d-flex h-col-lg-auto h-col-md-auto h-col-auto style-328-outer style-local-83-c41-outer\">\n                      <div data-colibri-id=\"83-c41\" class=\"d-flex h-flex-basis h-column__inner h-px-lg-0 h-px-md-0 h-px-0 v-inner-lg-0 v-inner-md-0 v-inner-0 style-328 style-local-83-c41 position-relative\">\n                        <!---->\n                        <!---->\n                        <div class=\"w-100 h-y-container h-column__content h-column__v-align flex-basis-100 align-self-lg-center align-self-md-center align-self-center\">\n                          <!---->\n                          <div data-colibri-id=\"83-c42\" class=\"h-contact-form__outer--forminator style-329 style-local-83-c42 position-relative h-element\">\n                            <!---->\n                            <div class=\"h-global-transition-all h-global-transition h-global-transition-all h-contact-form-shortcode\"><div class=\"forminator-ui forminator-custom-form forminator-custom-form-187 forminator-design--material  forminator_ajax\" data-forminator-render=\"0\" data-form=\"forminator-module-187\" data-uid=\"69d2c72b87d36\"><br\/><\/div><form\n\t\t\t\tid=\"forminator-module-187\"\n\t\t\t\tclass=\"forminator-ui forminator-custom-form forminator-custom-form-187 forminator-design--material  forminator_ajax\"\n\t\t\t\tmethod=\"post\"\n\t\t\t\tdata-forminator-render=\"0\"\n\t\t\t\tdata-form-id=\"187\"\n\t\t\t\t data-color-option=\"default\" data-design=\"material\" data-grid=\"open\" style=\"display: none;\"\n\t\t\t\tdata-uid=\"69d2c72b87d36\" action=\"\"\n\t\t\t><div role=\"alert\" aria-live=\"polite\" class=\"forminator-response-message forminator-error\" aria-hidden=\"true\"><\/div><div class=\"forminator-row\"><div id=\"name-2\" class=\"forminator-field-name forminator-col forminator-col-6\"><div class=\"forminator-field\"><label for=\"forminator-field-name-2_69d2c72b87d36\" id=\"forminator-field-name-2_69d2c72b87d36-label\" class=\"forminator-label\">Nom <span class=\"forminator-required\">*<\/span><\/label><input type=\"text\" name=\"name-2\" value=\"\" placeholder=\"E.g. Doe\" id=\"forminator-field-name-2_69d2c72b87d36\" class=\"forminator-input forminator-name--field\" aria-required=\"true\" autocomplete=\"name\" \/><\/div><\/div><div id=\"name-1\" class=\"forminator-field-name forminator-col forminator-col-6\"><div class=\"forminator-field\"><label for=\"forminator-field-name-1_69d2c72b87d36\" id=\"forminator-field-name-1_69d2c72b87d36-label\" class=\"forminator-label\">Pr\u00e9nom <span class=\"forminator-required\">*<\/span><\/label><input type=\"text\" name=\"name-1\" value=\"\" placeholder=\"E.g. John\" id=\"forminator-field-name-1_69d2c72b87d36\" class=\"forminator-input forminator-name--field\" aria-required=\"true\" autocomplete=\"name\" \/><\/div><\/div><\/div><div class=\"forminator-row\"><div id=\"email-1\" class=\"forminator-field-email forminator-col forminator-col-6\"><div class=\"forminator-field\"><label for=\"forminator-field-email-1_69d2c72b87d36\" id=\"forminator-field-email-1_69d2c72b87d36-label\" class=\"forminator-label\">Adresse Mail <span class=\"forminator-required\">*<\/span><\/label><input type=\"email\" name=\"email-1\" value=\"\" placeholder=\"E.g. john@doe.com\" id=\"forminator-field-email-1_69d2c72b87d36\" class=\"forminator-input forminator-email--field\" data-required=\"true\" aria-required=\"true\" autocomplete=\"email\" \/><\/div><\/div><div id=\"phone-1\" class=\"forminator-field-phone forminator-col forminator-col-6\"><div class=\"forminator-field\"><label for=\"forminator-field-phone-1_69d2c72b87d36\" id=\"forminator-field-phone-1_69d2c72b87d36-label\" class=\"forminator-label\">T\u00e9l\u00e9phone<\/label><input type=\"text\" name=\"phone-1\" value=\"\" placeholder=\"E.g. +1 3004005000\" id=\"forminator-field-phone-1_69d2c72b87d36\" class=\"forminator-input forminator-field--phone\" data-required=\"\" aria-required=\"false\" autocomplete=\"off\" \/><\/div><\/div><\/div><div class=\"forminator-row\"><div id=\"textarea-1\" class=\"forminator-field-textarea forminator-col forminator-col-12\"><div class=\"forminator-field\"><label for=\"forminator-field-textarea-1_69d2c72b87d36\" id=\"forminator-field-textarea-1_69d2c72b87d36-label\" class=\"forminator-label\">Message<\/label><textarea name=\"textarea-1\" placeholder=\"Enter your message...\" id=\"forminator-field-textarea-1_69d2c72b87d36\" class=\"forminator-textarea\" rows=\"6\" style=\"min-height:140px;\" maxlength=\"180\" ><\/textarea><span id=\"forminator-field-textarea-1_69d2c72b87d36-description\" class=\"forminator-description\"><span data-limit=\"180\" data-type=\"characters\" data-editor=\"\">0 \/ 180<\/span><\/span><\/div><\/div><\/div><div class=\"forminator-row\" style=\"margin: 0;\"><div id=\"captcha-1\" class=\"forminator-field-captcha  forminator-col-12\"><div class=\"forminator-captcha-left forminator-g-recaptcha recaptcha-invisible\" data-theme=\"light\" data-badge=\"bottomright\" data-sitekey=\"6Ld-Ip8rAAAAAFp2yggLPi3_WhQSbiBdhOn5-gei\" data-size=\"invisible\"><\/div> <\/div><\/div><input type=\"hidden\" name=\"referer_url\" value=\"\" \/><div class=\"forminator-row forminator-row-last\"><div class=\"forminator-col\"><div class=\"forminator-field\"><button class=\"forminator-button forminator-button-submit\"><span>Envoyer<\/span><span aria-hidden=\"true\"><\/span><\/button><\/div><\/div><\/div><input type=\"hidden\" id=\"forminator_nonce\" name=\"forminator_nonce\" value=\"f56f3cd932\" \/><input type=\"hidden\" name=\"_wp_http_referer\" value=\"\/en\/wp-json\/wp\/v2\/pages\/83\" \/><input type=\"hidden\" name=\"form_id\" value=\"187\"><input type=\"hidden\" name=\"page_id\" value=\"83\"><input type=\"hidden\" name=\"form_type\" value=\"default\"><input type=\"hidden\" name=\"current_url\" value=\"https:\/\/giardinu-di-gnaccare.com\/en\/les-tarifs\/\"><input type=\"hidden\" name=\"render_id\" value=\"0\"><input type=\"hidden\" name=\"action\" value=\"forminator_submit_form_custom-forms\"><input type=\"hidden\" name=\"trp-form-language\" value=\"en\"\/><\/form><\/div>\n                          <\/div>\n                        <\/div>\n                      <\/div>\n                    <\/div>\n                  <\/div>\n                <\/div>\n              <\/div>\n            <\/div>\n          <\/div>\n        <\/div>\n      <\/div>\n    <\/div>\n  <\/div>\n  <div data-colibri-component=\"section\" data-colibri-id=\"83-c43\" id=\"custom\" class=\"h-section h-section-global-spacing d-flex align-items-lg-center align-items-md-center align-items-center style-740 style-local-83-c43 position-relative\">\n    <!---->\n    <!---->\n    <div class=\"h-section-grid-container h-section-boxed-container\">\n      <!---->\n      <div data-colibri-id=\"83-c44\" class=\"h-row-container gutters-row-lg-2 gutters-row-md-2 gutters-row-0 gutters-row-v-lg-2 gutters-row-v-md-2 gutters-row-v-2 style-741 style-local-83-c44 position-relative\">\n        <!---->\n        <div class=\"h-row justify-content-lg-center justify-content-md-center justify-content-center align-items-lg-stretch align-items-md-stretch align-items-stretch gutters-col-lg-2 gutters-col-md-2 gutters-col-0 gutters-col-v-lg-2 gutters-col-v-md-2 gutters-col-v-2\">\n          <!---->\n          <div class=\"h-column h-column-container d-flex h-col-lg-auto h-col-md-auto h-col-auto style-742-outer style-local-83-c45-outer\">\n            <div data-colibri-id=\"83-c45\" class=\"d-flex h-flex-basis h-column__inner h-px-lg-2 h-px-md-2 h-px-2 v-inner-lg-2 v-inner-md-2 v-inner-2 style-742 style-local-83-c45 position-relative\">\n              <!---->\n              <!---->\n              <div class=\"w-100 h-y-container h-column__content h-column__v-align flex-basis-100 align-self-lg-start align-self-md-start align-self-start\">\n                <!---->\n                <div data-colibri-id=\"83-c46\" class=\"h-text h-text-component style-743 style-local-83-c46 position-relative h-element\">\n                  <!---->\n                  <!---->\n                  <div class=\"\">\n                    <p>Giardinu di Gnaccare SARL au capital de 1000\u20ac, immatricul\u00e9e sous le num\u00e9ro 837 729 870 \u00e0 Ajaccio<\/p>\n                    <p>Si\u00e8ge social : Lieu-dit Perello 20145 SARI-SOLENZARA\n                      <br>Contact : giardinu.di.gnaccare@gmail.com, +33677275483\n                      <br>Num\u00e9ro d\u2019identification TVA : FR35 837729870\n                      <br>H\u00e9bergeur site web : OVH, 2 rue Kellermann \u2013 59100 Roubaix \u2013 France<\/p>\n                  <\/div>\n                <\/div>\n              <\/div>\n            <\/div>\n          <\/div>\n        <\/div>\n      <\/div>\n    <\/div>\n  <\/div>\n<\/div>","protected":false},"excerpt":{"rendered":"<p>Tarifs 2025 Nuit\u00e9e Suites (Giardinu, Soli, Azuru) 280 Chambre Curallu 250 Ces tarifs incluent l&rsquo;acc\u00e8s \u00e0 la piscine et au sauna, l&rsquo;acc\u00e8s \u00e0 une salle de bain priv\u00e9e, la fourniture et le changement des draps et linge de toilette (serviettes, draps de bains, draps de piscine), le m\u00e9nage r\u00e9gulier, le petit d\u00e9jeuner servi dans la [&hellip;]<\/p>\n","protected":false},"author":1,"featured_media":0,"parent":0,"menu_order":0,"comment_status":"closed","ping_status":"closed","template":"page-templates\/full-width-page.php","meta":{"footnotes":""},"class_list":["post-83","page","type-page","status-publish","hentry"],"_links":{"self":[{"href":"https:\/\/giardinu-di-gnaccare.com\/en\/wp-json\/wp\/v2\/pages\/83","targetHints":{"allow":["GET"]}}],"collection":[{"href":"https:\/\/giardinu-di-gnaccare.com\/en\/wp-json\/wp\/v2\/pages"}],"about":[{"href":"https:\/\/giardinu-di-gnaccare.com\/en\/wp-json\/wp\/v2\/types\/page"}],"author":[{"embeddable":true,"href":"https:\/\/giardinu-di-gnaccare.com\/en\/wp-json\/wp\/v2\/users\/1"}],"replies":[{"embeddable":true,"href":"https:\/\/giardinu-di-gnaccare.com\/en\/wp-json\/wp\/v2\/comments?post=83"}],"version-history":[{"count":20,"href":"https:\/\/giardinu-di-gnaccare.com\/en\/wp-json\/wp\/v2\/pages\/83\/revisions"}],"predecessor-version":[{"id":2691,"href":"https:\/\/giardinu-di-gnaccare.com\/en\/wp-json\/wp\/v2\/pages\/83\/revisions\/2691"}],"wp:attachment":[{"href":"https:\/\/giardinu-di-gnaccare.com\/en\/wp-json\/wp\/v2\/media?parent=83"}],"curies":[{"name":"wp","href":"https:\/\/api.w.org\/{rel}","templated":true}]}}